{"id":2003,"date":"2022-05-17T15:13:24","date_gmt":"2022-05-17T15:13:24","guid":{"rendered":"https:\/\/northroad.pt\/sur-nous\/"},"modified":"2024-02-01T17:12:38","modified_gmt":"2024-02-01T17:12:38","slug":"sur-nous","status":"publish","type":"page","link":"https:\/\/northroad.pt\/fr\/sur-nous\/","title":{"rendered":"Sur nous"},"content":{"rendered":"\t\t<div data-elementor-type=\"wp-page\" data-elementor-id=\"2003\" class=\"elementor elementor-2003 elementor-179\" data-elementor-post-type=\"page\">\n\t\t\t\t<div class=\"elementor-element elementor-element-9422345 e-con-full e-flex e-con e-parent\" data-id=\"9422345\" data-element_type=\"container\" data-e-type=\"container\">\n\t\t<div class=\"elementor-element elementor-element-21f7320 e-con-full e-flex e-con e-child\" data-id=\"21f7320\" data-element_type=\"container\" data-e-type=\"container\">\n\t\t\t\t<div class=\"elementor-element elementor-element-8596374 elementor-widget__width-initial animated-slow elementor-invisible elementor-widget elementor-widget-heading\" data-id=\"8596374\" data-element_type=\"widget\" data-e-type=\"widget\" data-settings=\"{&quot;_animation&quot;:&quot;fadeInLeft&quot;,&quot;_animation_delay&quot;:400}\" data-widget_type=\"heading.default\">\n\t\t\t\t<div class=\"elementor-widget-container\">\n\t\t\t\t\t<h2 class=\"elementor-heading-title elementor-size-default\">Nous vous aidons \u00e0 d\u00e9couvrir le Portugal et ses alentours !<\/h2>\t\t\t\t<\/div>\n\t\t\t\t<\/div>\n\t\t\t\t<div class=\"elementor-element elementor-element-e8199d3 elementor-widget__width-initial animated-slow elementor-invisible elementor-widget elementor-widget-text-editor\" data-id=\"e8199d3\" data-element_type=\"widget\" data-e-type=\"widget\" data-settings=\"{&quot;_animation&quot;:&quot;fadeInLeft&quot;,&quot;_animation_delay&quot;:600}\" data-widget_type=\"text-editor.default\">\n\t\t\t\t<div class=\"elementor-widget-container\">\n\t\t\t\t\t\t\t\t\t<p>Voyager, explorer de nouveaux lieux et villes est, en soi, une exp\u00e9rience m\u00e9morable, mais le faire au gr\u00e9 du vent est extraordinaire !<\/p>\n<p>Nous avons rena\u00eet en 2010 pour rendre cette aventure unique et inoubliable ! Nous vous garantissons que ce ne sont pas de vaines promesses&#8230; il suffit de lire un peu plus pour comprendre que l&rsquo;adr\u00e9naline fait partie de notre ADN.<\/p>\n\t\t\t\t\t\t\t\t<\/div>\n\t\t\t\t<\/div>\n\t\t\t\t<\/div>\n\t\t<div class=\"elementor-element elementor-element-53b55d3 e-con-full e-flex e-con e-child\" data-id=\"53b55d3\" data-element_type=\"container\" data-e-type=\"container\">\n\t\t\t\t<div class=\"elementor-element elementor-element-5f80581 animated-images-rtl animations-reveals elementor-widget elementor-widget-image\" data-id=\"5f80581\" data-element_type=\"widget\" data-e-type=\"widget\" data-widget_type=\"image.default\">\n\t\t\t\t<div class=\"elementor-widget-container\">\n\t\t\t\t\t\t\t\t\t\t\t\t\t\t\t<img fetchpriority=\"high\" decoding=\"async\" width=\"1568\" height=\"1237\" src=\"https:\/\/northroad.pt\/wp-content\/uploads\/2022\/12\/about-us-3.jpg\" class=\"attachment-full size-full wp-image-1744\" alt=\"\" srcset=\"https:\/\/northroad.pt\/wp-content\/uploads\/2022\/12\/about-us-3.jpg 1568w, https:\/\/northroad.pt\/wp-content\/uploads\/2022\/12\/about-us-3-800x631.jpg 800w, https:\/\/northroad.pt\/wp-content\/uploads\/2022\/12\/about-us-3-1024x808.jpg 1024w, https:\/\/northroad.pt\/wp-content\/uploads\/2022\/12\/about-us-3-768x606.jpg 768w, https:\/\/northroad.pt\/wp-content\/uploads\/2022\/12\/about-us-3-1536x1212.jpg 1536w\" sizes=\"(max-width: 1568px) 100vw, 1568px\" \/>\t\t\t\t\t\t\t\t\t\t\t\t\t\t\t<\/div>\n\t\t\t\t<\/div>\n\t\t\t\t<\/div>\n\t\t\t\t<\/div>\n\t\t<div class=\"elementor-element elementor-element-34dd9db e-flex e-con-boxed e-con e-parent\" data-id=\"34dd9db\" data-element_type=\"container\" data-e-type=\"container\">\n\t\t\t\t\t<div class=\"e-con-inner\">\n\t\t\t\t<div class=\"elementor-element elementor-element-77635c9 elementor-widget__width-initial animated-slow elementor-invisible elementor-widget elementor-widget-heading\" data-id=\"77635c9\" data-element_type=\"widget\" data-e-type=\"widget\" data-settings=\"{&quot;_animation&quot;:&quot;fadeIn&quot;}\" data-widget_type=\"heading.default\">\n\t\t\t\t<div class=\"elementor-widget-container\">\n\t\t\t\t\t<h2 class=\"elementor-heading-title elementor-size-default\">Northroad tel que nous le connaissons aujourd'hui, est n\u00e9 de notre passion pour les motos et l'aventure.<\/h2>\t\t\t\t<\/div>\n\t\t\t\t<\/div>\n\t\t\t\t\t<\/div>\n\t\t\t\t<\/div>\n\t\t<div class=\"elementor-element elementor-element-9287c43 e-con-full e-flex e-con e-parent\" data-id=\"9287c43\" data-element_type=\"container\" data-e-type=\"container\">\n\t\t<div class=\"elementor-element elementor-element-f662c55 e-con-full e-flex e-con e-child\" data-id=\"f662c55\" data-element_type=\"container\" data-e-type=\"container\">\n\t\t\t\t<div class=\"elementor-element elementor-element-886355d animated-images-ltr animations-reveals elementor-widget elementor-widget-image\" data-id=\"886355d\" data-element_type=\"widget\" data-e-type=\"widget\" data-widget_type=\"image.default\">\n\t\t\t\t<div class=\"elementor-widget-container\">\n\t\t\t\t\t\t\t\t\t\t\t\t\t\t\t<img decoding=\"async\" width=\"800\" height=\"631\" src=\"https:\/\/northroad.pt\/wp-content\/uploads\/2022\/12\/about-us-2-1024x808.jpg\" class=\"attachment-large size-large wp-image-1742\" alt=\"\" srcset=\"https:\/\/northroad.pt\/wp-content\/uploads\/2022\/12\/about-us-2-1024x808.jpg 1024w, https:\/\/northroad.pt\/wp-content\/uploads\/2022\/12\/about-us-2-800x631.jpg 800w, https:\/\/northroad.pt\/wp-content\/uploads\/2022\/12\/about-us-2-768x606.jpg 768w, https:\/\/northroad.pt\/wp-content\/uploads\/2022\/12\/about-us-2-1536x1212.jpg 1536w, https:\/\/northroad.pt\/wp-content\/uploads\/2022\/12\/about-us-2.jpg 1568w\" sizes=\"(max-width: 800px) 100vw, 800px\" \/>\t\t\t\t\t\t\t\t\t\t\t\t\t\t\t<\/div>\n\t\t\t\t<\/div>\n\t\t\t\t<\/div>\n\t\t<div class=\"elementor-element elementor-element-c29b3f7 e-flex e-con-boxed e-con e-child\" data-id=\"c29b3f7\" data-element_type=\"container\" data-e-type=\"container\">\n\t\t\t\t\t<div class=\"e-con-inner\">\n\t\t\t\t<div class=\"elementor-element elementor-element-31b33a7 elementor-widget__width-initial animated-slow elementor-invisible elementor-widget elementor-widget-text-editor\" data-id=\"31b33a7\" data-element_type=\"widget\" data-e-type=\"widget\" data-settings=\"{&quot;_animation&quot;:&quot;fadeInRight&quot;,&quot;_animation_delay&quot;:400}\" data-widget_type=\"text-editor.default\">\n\t\t\t\t<div class=\"elementor-widget-container\">\n\t\t\t\t\t\t\t\t\t<p>En 2010, par \u00ab\u00a0simple\u00a0\u00bb conjonction cosmique\u00a0\u00bb, comme nous aimons l&rsquo;appeler, nous avons rachet\u00e9 cette soci\u00e9t\u00e9 de location de motos et de v\u00e9los.<\/p>\n<p>\u00c0 l&rsquo;\u00e9poque, nous travaillions tous les deux dans une entreprise o\u00f9 les costumes et les cravates \u00e9taient la norme, et o\u00f9 l&rsquo;aventure et l&rsquo;adr\u00e9naline \u00e9taient au rendez-vous\u00a0! Les pi\u00e8ces se sont mises en place naturellement et nous avons avanc\u00e9 sans crainte.<\/p>\n<p>Nous avons acquis les meilleures motos, scooters et v\u00e9los du march\u00e9, cr\u00e9\u00e9 des circuits \u00e0 couper le souffle, ajout\u00e9 un peu de volont\u00e9, de courage et d&rsquo;adr\u00e9naline, et nous voil\u00e0&#8230;<\/p>\n\t\t\t\t\t\t\t\t<\/div>\n\t\t\t\t<\/div>\n\t\t\t\t<div class=\"elementor-element elementor-element-79b8faa elementor-widget__width-initial animated-slow elementor-invisible elementor-widget elementor-widget-heading\" data-id=\"79b8faa\" data-element_type=\"widget\" data-e-type=\"widget\" data-settings=\"{&quot;_animation&quot;:&quot;fadeInRight&quot;}\" data-widget_type=\"heading.default\">\n\t\t\t\t<div class=\"elementor-widget-container\">\n\t\t\t\t\t<h3 class=\"elementor-heading-title elementor-size-default\">... pr\u00eat \u00e0 changer votre vie!<\/h3>\t\t\t\t<\/div>\n\t\t\t\t<\/div>\n\t\t\t\t\t<\/div>\n\t\t\t\t<\/div>\n\t\t\t\t<\/div>\n\t\t<div class=\"elementor-element elementor-element-cd2a0d9 e-con-full e-flex e-con e-parent\" data-id=\"cd2a0d9\" data-element_type=\"container\" data-e-type=\"container\">\n\t\t<div class=\"elementor-element elementor-element-1d2fd89 e-con-full e-flex e-con e-child\" data-id=\"1d2fd89\" data-element_type=\"container\" data-e-type=\"container\">\n\t\t\t\t<div class=\"elementor-element elementor-element-724e1b4 elementor-widget__width-initial animated-slow elementor-invisible elementor-widget elementor-widget-heading\" data-id=\"724e1b4\" data-element_type=\"widget\" data-e-type=\"widget\" data-settings=\"{&quot;_animation&quot;:&quot;fadeInLeft&quot;,&quot;_animation_delay&quot;:400}\" data-widget_type=\"heading.default\">\n\t\t\t\t<div class=\"elementor-widget-container\">\n\t\t\t\t\t<h2 class=\"elementor-heading-title elementor-size-default\">Pourquoi North Road ?<\/h2>\t\t\t\t<\/div>\n\t\t\t\t<\/div>\n\t\t\t\t<div class=\"elementor-element elementor-element-8706a1d elementor-widget__width-initial animated-slow elementor-invisible elementor-widget elementor-widget-text-editor\" data-id=\"8706a1d\" data-element_type=\"widget\" data-e-type=\"widget\" data-settings=\"{&quot;_animation&quot;:&quot;fadeInLeft&quot;,&quot;_animation_delay&quot;:600}\" data-widget_type=\"text-editor.default\">\n\t\t\t\t<div class=\"elementor-widget-container\">\n\t\t\t\t\t\t\t\t\t<p>Simple! Nous avons les mod\u00e8les les plus r\u00e9cents sur le march\u00e9, nous voulons que vous ayez la meilleure exp\u00e9rience de tous les temps et nous sommes toujours disponibles pour vous aider.<\/p>\n<p>Mais si vous n&rsquo;\u00eates toujours pas convaincu, d\u00e9couvrez tous nos v\u00e9hicules et nos circuits.<\/p>\n<p>Nous sommes s\u00fbrs que, sur deux roues, vous ne serez jamais en reste.<br \/>\nAlors&#8230; Tu veux faire un tour ?<\/p>\n\t\t\t\t\t\t\t\t<\/div>\n\t\t\t\t<\/div>\n\t\t\t\t<\/div>\n\t\t<div class=\"elementor-element elementor-element-2d8663b e-con-full e-flex e-con e-child\" data-id=\"2d8663b\" data-element_type=\"container\" data-e-type=\"container\">\n\t\t\t\t<div class=\"elementor-element elementor-element-4ce727c animated-images-rtl animations-reveals elementor-widget elementor-widget-image\" data-id=\"4ce727c\" data-element_type=\"widget\" data-e-type=\"widget\" data-widget_type=\"image.default\">\n\t\t\t\t<div class=\"elementor-widget-container\">\n\t\t\t\t\t\t\t\t\t\t\t\t\t\t\t<img decoding=\"async\" width=\"800\" height=\"534\" src=\"https:\/\/northroad.pt\/wp-content\/uploads\/2022\/12\/motos-1024x683.jpg\" class=\"attachment-large size-large wp-image-1746\" alt=\"\" srcset=\"https:\/\/northroad.pt\/wp-content\/uploads\/2022\/12\/motos-1024x683.jpg 1024w, https:\/\/northroad.pt\/wp-content\/uploads\/2022\/12\/motos-800x533.jpg 800w, https:\/\/northroad.pt\/wp-content\/uploads\/2022\/12\/motos-768x512.jpg 768w, https:\/\/northroad.pt\/wp-content\/uploads\/2022\/12\/motos-1536x1024.jpg 1536w, https:\/\/northroad.pt\/wp-content\/uploads\/2022\/12\/motos.jpg 1920w\" sizes=\"(max-width: 800px) 100vw, 800px\" \/>\t\t\t\t\t\t\t\t\t\t\t\t\t\t\t<\/div>\n\t\t\t\t<\/div>\n\t\t\t\t<\/div>\n\t\t\t\t<\/div>\n\t\t\t\t<\/div>\n\t\t","protected":false},"excerpt":{"rendered":"<p>Nous vous aidons \u00e0 d\u00e9couvrir le Portugal et ses alentours ! Voyager, explorer de nouveaux lieux et villes est, en soi, une exp\u00e9rience m\u00e9morable, mais le faire au gr\u00e9 du vent est extraordinaire ! Nous avons rena\u00eet en 2010 pour rendre cette aventure unique et inoubliable ! Nous vous garantissons que ce ne sont pas [&hellip;]<\/p>\n","protected":false},"author":1,"featured_media":0,"parent":0,"menu_order":0,"comment_status":"closed","ping_status":"closed","template":"","meta":{"footnotes":""},"class_list":["post-2003","page","type-page","status-publish","hentry"],"yoast_head":"<!-- This site is optimized with the Yoast SEO plugin v27.4 - https:\/\/yoast.com\/product\/yoast-seo-wordpress\/ -->\n<title>Sur nous - North Road<\/title>\n<meta name=\"robots\" content=\"index, follow, max-snippet:-1, max-image-preview:large, max-video-preview:-1\" \/>\n<link rel=\"canonical\" href=\"https:\/\/northroad.pt\/fr\/sur-nous\/\" \/>\n<meta property=\"og:locale\" content=\"fr_FR\" \/>\n<meta property=\"og:type\" content=\"article\" \/>\n<meta property=\"og:title\" content=\"Sur nous - North Road\" \/>\n<meta property=\"og:description\" content=\"Nous vous aidons \u00e0 d\u00e9couvrir le Portugal et ses alentours ! Voyager, explorer de nouveaux lieux et villes est, en soi, une exp\u00e9rience m\u00e9morable, mais le faire au gr\u00e9 du vent est extraordinaire ! Nous avons rena\u00eet en 2010 pour rendre cette aventure unique et inoubliable ! Nous vous garantissons que ce ne sont pas [&hellip;]\" \/>\n<meta property=\"og:url\" content=\"https:\/\/northroad.pt\/fr\/sur-nous\/\" \/>\n<meta property=\"og:site_name\" content=\"North Road\" \/>\n<meta property=\"article:modified_time\" content=\"2024-02-01T17:12:38+00:00\" \/>\n<meta property=\"og:image\" content=\"https:\/\/northroad.pt\/wp-content\/uploads\/2022\/12\/about-us-3.jpg\" \/>\n<meta name=\"twitter:card\" content=\"summary_large_image\" \/>\n<meta name=\"twitter:label1\" content=\"Dur\u00e9e de lecture estim\u00e9e\" \/>\n\t<meta name=\"twitter:data1\" content=\"1 minute\" \/>\n<script type=\"application\/ld+json\" class=\"yoast-schema-graph\">{\"@context\":\"https:\\\/\\\/schema.org\",\"@graph\":[{\"@type\":\"WebPage\",\"@id\":\"https:\\\/\\\/northroad.pt\\\/fr\\\/sur-nous\\\/\",\"url\":\"https:\\\/\\\/northroad.pt\\\/fr\\\/sur-nous\\\/\",\"name\":\"Sur nous - North Road\",\"isPartOf\":{\"@id\":\"http:\\\/\\\/northroad.pt\\\/fr\\\/#website\"},\"primaryImageOfPage\":{\"@id\":\"https:\\\/\\\/northroad.pt\\\/fr\\\/sur-nous\\\/#primaryimage\"},\"image\":{\"@id\":\"https:\\\/\\\/northroad.pt\\\/fr\\\/sur-nous\\\/#primaryimage\"},\"thumbnailUrl\":\"https:\\\/\\\/northroad.pt\\\/wp-content\\\/uploads\\\/2022\\\/12\\\/about-us-3.jpg\",\"datePublished\":\"2022-05-17T15:13:24+00:00\",\"dateModified\":\"2024-02-01T17:12:38+00:00\",\"breadcrumb\":{\"@id\":\"https:\\\/\\\/northroad.pt\\\/fr\\\/sur-nous\\\/#breadcrumb\"},\"inLanguage\":\"fr-FR\",\"potentialAction\":[{\"@type\":\"ReadAction\",\"target\":[\"https:\\\/\\\/northroad.pt\\\/fr\\\/sur-nous\\\/\"]}]},{\"@type\":\"ImageObject\",\"inLanguage\":\"fr-FR\",\"@id\":\"https:\\\/\\\/northroad.pt\\\/fr\\\/sur-nous\\\/#primaryimage\",\"url\":\"https:\\\/\\\/northroad.pt\\\/wp-content\\\/uploads\\\/2022\\\/12\\\/about-us-3.jpg\",\"contentUrl\":\"https:\\\/\\\/northroad.pt\\\/wp-content\\\/uploads\\\/2022\\\/12\\\/about-us-3.jpg\"},{\"@type\":\"BreadcrumbList\",\"@id\":\"https:\\\/\\\/northroad.pt\\\/fr\\\/sur-nous\\\/#breadcrumb\",\"itemListElement\":[{\"@type\":\"ListItem\",\"position\":1,\"name\":\"In\u00edcio\",\"item\":\"http:\\\/\\\/northroad.pt\\\/fr\\\/\"},{\"@type\":\"ListItem\",\"position\":2,\"name\":\"Sur nous\"}]},{\"@type\":\"WebSite\",\"@id\":\"http:\\\/\\\/northroad.pt\\\/fr\\\/#website\",\"url\":\"http:\\\/\\\/northroad.pt\\\/fr\\\/\",\"name\":\"North Road\",\"description\":\"Aluguer de Motos, Scooters, Bicicletas | Passeios\",\"publisher\":{\"@id\":\"http:\\\/\\\/northroad.pt\\\/fr\\\/#organization\"},\"potentialAction\":[{\"@type\":\"SearchAction\",\"target\":{\"@type\":\"EntryPoint\",\"urlTemplate\":\"http:\\\/\\\/northroad.pt\\\/fr\\\/?s={search_term_string}\"},\"query-input\":{\"@type\":\"PropertyValueSpecification\",\"valueRequired\":true,\"valueName\":\"search_term_string\"}}],\"inLanguage\":\"fr-FR\"},{\"@type\":\"Organization\",\"@id\":\"http:\\\/\\\/northroad.pt\\\/fr\\\/#organization\",\"name\":\"North Road\",\"url\":\"http:\\\/\\\/northroad.pt\\\/fr\\\/\",\"logo\":{\"@type\":\"ImageObject\",\"inLanguage\":\"fr-FR\",\"@id\":\"http:\\\/\\\/northroad.pt\\\/fr\\\/#\\\/schema\\\/logo\\\/image\\\/\",\"url\":\"https:\\\/\\\/northroad.pt\\\/wp-content\\\/uploads\\\/2022\\\/05\\\/northroad-logo.svg\",\"contentUrl\":\"https:\\\/\\\/northroad.pt\\\/wp-content\\\/uploads\\\/2022\\\/05\\\/northroad-logo.svg\",\"caption\":\"North Road\"},\"image\":{\"@id\":\"http:\\\/\\\/northroad.pt\\\/fr\\\/#\\\/schema\\\/logo\\\/image\\\/\"}}]}<\/script>\n<!-- \/ Yoast SEO plugin. -->","yoast_head_json":{"title":"Sur nous - North Road","robots":{"index":"index","follow":"follow","max-snippet":"max-snippet:-1","max-image-preview":"max-image-preview:large","max-video-preview":"max-video-preview:-1"},"canonical":"https:\/\/northroad.pt\/fr\/sur-nous\/","og_locale":"fr_FR","og_type":"article","og_title":"Sur nous - North Road","og_description":"Nous vous aidons \u00e0 d\u00e9couvrir le Portugal et ses alentours ! Voyager, explorer de nouveaux lieux et villes est, en soi, une exp\u00e9rience m\u00e9morable, mais le faire au gr\u00e9 du vent est extraordinaire ! Nous avons rena\u00eet en 2010 pour rendre cette aventure unique et inoubliable ! Nous vous garantissons que ce ne sont pas [&hellip;]","og_url":"https:\/\/northroad.pt\/fr\/sur-nous\/","og_site_name":"North Road","article_modified_time":"2024-02-01T17:12:38+00:00","og_image":[{"url":"https:\/\/northroad.pt\/wp-content\/uploads\/2022\/12\/about-us-3.jpg","type":"","width":"","height":""}],"twitter_card":"summary_large_image","twitter_misc":{"Dur\u00e9e de lecture estim\u00e9e":"1 minute"},"schema":{"@context":"https:\/\/schema.org","@graph":[{"@type":"WebPage","@id":"https:\/\/northroad.pt\/fr\/sur-nous\/","url":"https:\/\/northroad.pt\/fr\/sur-nous\/","name":"Sur nous - North Road","isPartOf":{"@id":"http:\/\/northroad.pt\/fr\/#website"},"primaryImageOfPage":{"@id":"https:\/\/northroad.pt\/fr\/sur-nous\/#primaryimage"},"image":{"@id":"https:\/\/northroad.pt\/fr\/sur-nous\/#primaryimage"},"thumbnailUrl":"https:\/\/northroad.pt\/wp-content\/uploads\/2022\/12\/about-us-3.jpg","datePublished":"2022-05-17T15:13:24+00:00","dateModified":"2024-02-01T17:12:38+00:00","breadcrumb":{"@id":"https:\/\/northroad.pt\/fr\/sur-nous\/#breadcrumb"},"inLanguage":"fr-FR","potentialAction":[{"@type":"ReadAction","target":["https:\/\/northroad.pt\/fr\/sur-nous\/"]}]},{"@type":"ImageObject","inLanguage":"fr-FR","@id":"https:\/\/northroad.pt\/fr\/sur-nous\/#primaryimage","url":"https:\/\/northroad.pt\/wp-content\/uploads\/2022\/12\/about-us-3.jpg","contentUrl":"https:\/\/northroad.pt\/wp-content\/uploads\/2022\/12\/about-us-3.jpg"},{"@type":"BreadcrumbList","@id":"https:\/\/northroad.pt\/fr\/sur-nous\/#breadcrumb","itemListElement":[{"@type":"ListItem","position":1,"name":"In\u00edcio","item":"http:\/\/northroad.pt\/fr\/"},{"@type":"ListItem","position":2,"name":"Sur nous"}]},{"@type":"WebSite","@id":"http:\/\/northroad.pt\/fr\/#website","url":"http:\/\/northroad.pt\/fr\/","name":"North Road","description":"Aluguer de Motos, Scooters, Bicicletas | Passeios","publisher":{"@id":"http:\/\/northroad.pt\/fr\/#organization"},"potentialAction":[{"@type":"SearchAction","target":{"@type":"EntryPoint","urlTemplate":"http:\/\/northroad.pt\/fr\/?s={search_term_string}"},"query-input":{"@type":"PropertyValueSpecification","valueRequired":true,"valueName":"search_term_string"}}],"inLanguage":"fr-FR"},{"@type":"Organization","@id":"http:\/\/northroad.pt\/fr\/#organization","name":"North Road","url":"http:\/\/northroad.pt\/fr\/","logo":{"@type":"ImageObject","inLanguage":"fr-FR","@id":"http:\/\/northroad.pt\/fr\/#\/schema\/logo\/image\/","url":"https:\/\/northroad.pt\/wp-content\/uploads\/2022\/05\/northroad-logo.svg","contentUrl":"https:\/\/northroad.pt\/wp-content\/uploads\/2022\/05\/northroad-logo.svg","caption":"North Road"},"image":{"@id":"http:\/\/northroad.pt\/fr\/#\/schema\/logo\/image\/"}}]}},"_links":{"self":[{"href":"https:\/\/northroad.pt\/fr\/wp-json\/wp\/v2\/pages\/2003","targetHints":{"allow":["GET"]}}],"collection":[{"href":"https:\/\/northroad.pt\/fr\/wp-json\/wp\/v2\/pages"}],"about":[{"href":"https:\/\/northroad.pt\/fr\/wp-json\/wp\/v2\/types\/page"}],"author":[{"embeddable":true,"href":"https:\/\/northroad.pt\/fr\/wp-json\/wp\/v2\/users\/1"}],"replies":[{"embeddable":true,"href":"https:\/\/northroad.pt\/fr\/wp-json\/wp\/v2\/comments?post=2003"}],"version-history":[{"count":2,"href":"https:\/\/northroad.pt\/fr\/wp-json\/wp\/v2\/pages\/2003\/revisions"}],"predecessor-version":[{"id":2257,"href":"https:\/\/northroad.pt\/fr\/wp-json\/wp\/v2\/pages\/2003\/revisions\/2257"}],"wp:attachment":[{"href":"https:\/\/northroad.pt\/fr\/wp-json\/wp\/v2\/media?parent=2003"}],"curies":[{"name":"wp","href":"https:\/\/api.w.org\/{rel}","templated":true}]}}