{"id":2008,"date":"2022-05-16T17:05:39","date_gmt":"2022-05-16T17:05:39","guid":{"rendered":"https:\/\/northroad.pt\/politique-de-confidentialite\/"},"modified":"2023-04-03T09:55:11","modified_gmt":"2023-04-03T09:55:11","slug":"politique-de-confidentialite","status":"publish","type":"page","link":"https:\/\/northroad.pt\/fr\/politique-de-confidentialite\/","title":{"rendered":"Politique de confidentialit\u00e9"},"content":{"rendered":"\n<p>Votre vie priv\u00e9e est importante pour nous\u00a0:<\/p>\n\n<p>La collecte et le traitement des donn\u00e9es \u00e0 caract\u00e8re personnel ont \u00e9t\u00e9 con\u00e7us pour se conformer au r\u00e8glement (UE) 2016\/679 du Parlement europ\u00e9en et du Conseil du 27 avril 2016 relatif \u00e0 la protection des personnes physiques \u00e0 l&rsquo;\u00e9gard du traitement des donn\u00e9es \u00e0 caract\u00e8re personnel et la libre circulation de ces donn\u00e9es et abrogeant la directive 95\/46\/CE (r\u00e8glement g\u00e9n\u00e9ral sur la protection des donn\u00e9es).<\/p>\n\n<p>Cette politique de confidentialit\u00e9 explique\u00a0:<\/p>\n\n<ul class=\"wp-block-list\">\n<li>Quelles informations personnelles nous collectons et traitons\/traitons et pourquoi nous le faisons\u00a0;<\/li>\n\n\n\n<li>Comment nous utilisons ces informations\u00a0;<\/li>\n\n\n\n<li>Les options que nous proposons, y compris la mani\u00e8re d&rsquo;acc\u00e9der aux informations et de les mettre \u00e0 jour.<\/li>\n<\/ul>\n\n<p>La SOCIETE peut, unilat\u00e9ralement et \u00e0 tout moment, changer, modifier, ajouter ou rectifier la pr\u00e9sente Politique de Confidentialit\u00e9, sans qu&rsquo;aucune notification pr\u00e9alable ne soit n\u00e9cessaire.<\/p>\n\n<h4 class=\"wp-block-heading\">Responsable du traitement des donn\u00e9es personnelles<\/h4>\n\n<p>Vous pouvez contacter le responsable du traitement \u00e0 tout moment et pour toute question concernant la protection des donn\u00e9es, par e-mail \u00e0 <a href=\"mailto:info@northroad.pt\">info@northroad.pt<\/a> ou par courrier \u00e0 l&rsquo;adresse du si\u00e8ge social.<\/p>\n\n<h4 class=\"wp-block-heading\">Base juridique pour la collecte et le traitement des donn\u00e9es personnelles<\/h4>\n\n<p>En acc\u00e9dant et en utilisant notre site web, son contenu et\/ou nos services, l&rsquo;utilisateur accepte et consent librement et express\u00e9ment, par un acte positif non \u00e9quivoque, autorisant que ses donn\u00e9es personnelles, demand\u00e9es ou \u00e9ventuellement fournies par lui, soient collect\u00e9es et trait\u00e9es par la SOCIETE dans les conditions \u00e9nonc\u00e9es aux pr\u00e9sentes.<\/p>\n\n<h4 class=\"wp-block-heading\">Finalit\u00e9s du traitement des donn\u00e9es personnelles<\/h4>\n\n<p>Les donn\u00e9es personnelles que vous fournissez \u00e0 NORTHROAD sont destin\u00e9es \u00e0 la gestion de la relation contractuelle, \u00e0 la bonne fourniture des services contract\u00e9s, \u00e0 l&rsquo;ad\u00e9quation des services aux besoins et int\u00e9r\u00eats du Client, aux actions d&rsquo;information et \u00e0 la publication de Newsletters.<\/p>\n\n<h4 class=\"wp-block-heading\">Destination des donn\u00e9es personnelles<\/h4>\n\n<p>NORTHROAD ne collecte ni ne traite aucune donn\u00e9e personnelle ou information obtenue dans le but de permettre son exploitation, de quelque mani\u00e8re que ce soit, par des tiers.<\/p>\n\n<p>Lorsque vous utilisez notre site Web, vous correspondez avec nous, et lorsque vous communiquez avec NORTHROAD, nous pouvons recueillir des renseignements personnels. Ces informations peuvent contenir : nom, adresse, num\u00e9ro de t\u00e9l\u00e9phone, sexe, email, num\u00e9ro de pi\u00e8ce d&rsquo;identit\u00e9, profession, etc.<\/p>\n\n<h4 class=\"wp-block-heading\">Existence de d\u00e9cisions automatis\u00e9es<\/h4>\n\n<p>Lorsque vous utilisez le site, NORTHROAD collecte automatiquement des informations relatives \u00e0 votre visite (y compris l&rsquo;adresse IP, les \u00ab\u00a0pages vues\u00a0\u00bb et les interactions).<\/p>\n\n<h4 class=\"wp-block-heading\">S\u00e9curit\u00e9 du traitement de vos donn\u00e9es personnelles<\/h4>\n\n<p>NORTHROAD garantit la protection de vos donn\u00e9es personnelles contre toute perte, destruction, alt\u00e9ration, acc\u00e8s, utilisation abusive ou non autoris\u00e9e, en adoptant toutes les mesures l\u00e9galement requises \u00e0 cet effet.<\/p>\n\n<p>\u00c0 ces fins, NORTHROAD dispose de mesures techniques et organisationnelles visant \u00e0 garantir la s\u00e9curit\u00e9 des informations et \u00e0 les prot\u00e9ger contre tout acte d\u00e9lib\u00e9r\u00e9 ou accidentel pouvant entra\u00eener leur manipulation, destruction, perte ou utilisation non autoris\u00e9e.<\/p>\n\n<p>Malgr\u00e9 tous nos efforts, nous avertissons qu&rsquo;Internet peut ne pas \u00eatre un lieu de communication s\u00fbr. En effet, les informations transmises sur Internet peuvent \u00eatre intercept\u00e9es par des tiers. Par cons\u00e9quent, nous ne pouvons absolument pas garantir la s\u00e9curit\u00e9 et l&rsquo;authenticit\u00e9 des informations qui nous sont ainsi transmises. En utilisant ce site Web et en y saisissant des informations, vous acceptez express\u00e9ment que vous le faites conform\u00e9ment \u00e0 votre volont\u00e9 expresse et que vous assumez le risque correspondant.<\/p>\n\n<p>Il convient \u00e9galement de noter que, lors de la navigation sur Internet, vous devez adopter des mesures de s\u00e9curit\u00e9 suppl\u00e9mentaires, \u00e0 savoir vous assurer que vous utilisez un PC et un navigateur mis \u00e0 jour en termes de correctifs de s\u00e9curit\u00e9 correctement configur\u00e9s, avec un pare-feu, un antivirus et un anti-spyware actifs, et assurez-vous de l&rsquo;authenticit\u00e9 des sites que vous visitez sur Internet, et vous devez \u00e9viter les sites Web dont vous ne faites pas confiance \u00e0 la r\u00e9putation.<\/p>\n\n<h4 class=\"wp-block-heading\">Dur\u00e9e de R\u00e9tention\/Conservation des donn\u00e9es personnelles<\/h4>\n\n<p>NORTHROAD conserve les donn\u00e9es des utilisateurs pendant la dur\u00e9e n\u00e9cessaire aux op\u00e9rations pour lesquelles elles ont \u00e9t\u00e9 collect\u00e9es et conform\u00e9ment \u00e0 la l\u00e9gislation en vigueur.<\/p>\n\n<h4 class=\"wp-block-heading\">Droit d&rsquo;acc\u00e8s, de rectification, d&rsquo;annulation et d&rsquo;opposition des donn\u00e9es personnelles<\/h4>\n\n<p>Aux termes du r\u00e8glement g\u00e9n\u00e9ral sur la protection des donn\u00e9es, la personne concern\u00e9e a le droit de demander l&rsquo;acc\u00e8s aux donn\u00e9es personnelles la concernant, ainsi que leur rectification ou leur effacement, aupr\u00e8s du responsable du traitement. La personne concern\u00e9e a \u00e9galement le droit d&rsquo;exiger, dans certaines circonstances, la limitation du traitement des donn\u00e9es personnelles, ainsi que le droit de s&rsquo;opposer au traitement et le droit \u00e0 la portabilit\u00e9 des donn\u00e9es.<\/p>\n\n<p>La personne concern\u00e9e a \u00e9galement le droit de retirer le consentement donn\u00e9 au traitement de celui-ci, \u00e0 tout moment, sans compromettre la lic\u00e9it\u00e9 du traitement effectu\u00e9 sur la base du consentement pr\u00e9c\u00e9demment donn\u00e9.<\/p>\n\n<p>Vous pouvez exercer ces droits d&rsquo;acc\u00e8s, de rectification, d&rsquo;effacement, de limitation de traitement, d&rsquo;opposition au traitement, de portabilit\u00e9 ou de retrait de consentement aupr\u00e8s de NORTHROAD en envoyant un e-mail \u00e0 <a href=\"mailto:info@northroad.pt\">info@northroad.pt<\/a> ou par communication \u00e9crite \u00e0 l&rsquo;adresse du si\u00e8ge social.<\/p>\n\n<h4 class=\"wp-block-heading\">Droit d&rsquo;introduire une r\u00e9clamation aupr\u00e8s d&rsquo;une autorit\u00e9 de contr\u00f4le<\/h4>\n\n<p>Aux termes du RGPD, il est inform\u00e9 que la personne concern\u00e9e dispose du droit d&rsquo;introduire des r\u00e9clamations aupr\u00e8s de l&rsquo;autorit\u00e9 de contr\u00f4le comp\u00e9tente, en l&rsquo;occurrence la Commission Nationale de l&rsquo;Informatique et des Libert\u00e9s.<\/p>\n\n<h4 class=\"wp-block-heading\">Contacts<\/h4>\n\n<p>Les questions, commentaires et demandes li\u00e9s \u00e0 cette politique de confidentialit\u00e9 et \u00e0 vos droits doivent \u00eatre adress\u00e9s \u00e0 <a href=\"mailto:info@northroad.pt\">info@northroad.pt<\/a> ou par \u00e9crit \u00e0 l&rsquo;adresse du si\u00e8ge social.<\/p>\n","protected":false},"excerpt":{"rendered":"<p>Votre vie priv\u00e9e est importante pour nous\u00a0: La collecte et le traitement des donn\u00e9es \u00e0 caract\u00e8re personnel ont \u00e9t\u00e9 con\u00e7us pour se conformer au r\u00e8glement (UE) 2016\/679 du Parlement europ\u00e9en et du Conseil du 27 avril 2016 relatif \u00e0 la protection des personnes physiques \u00e0 l&rsquo;\u00e9gard du traitement des donn\u00e9es \u00e0 caract\u00e8re personnel et la [&hellip;]<\/p>\n","protected":false},"author":1,"featured_media":0,"parent":0,"menu_order":0,"comment_status":"closed","ping_status":"open","template":"","meta":{"footnotes":""},"class_list":["post-2008","page","type-page","status-publish","hentry"],"yoast_head":"<!-- This site is optimized with the Yoast SEO plugin v27.4 - https:\/\/yoast.com\/product\/yoast-seo-wordpress\/ -->\n<title>Politique de confidentialit\u00e9 - North Road<\/title>\n<meta name=\"robots\" content=\"index, follow, max-snippet:-1, max-image-preview:large, max-video-preview:-1\" \/>\n<link rel=\"canonical\" href=\"https:\/\/northroad.pt\/fr\/politique-de-confidentialite\/\" \/>\n<meta property=\"og:locale\" content=\"fr_FR\" \/>\n<meta property=\"og:type\" content=\"article\" \/>\n<meta property=\"og:title\" content=\"Politique de confidentialit\u00e9 - North Road\" \/>\n<meta property=\"og:description\" content=\"Votre vie priv\u00e9e est importante pour nous\u00a0: La collecte et le traitement des donn\u00e9es \u00e0 caract\u00e8re personnel ont \u00e9t\u00e9 con\u00e7us pour se conformer au r\u00e8glement (UE) 2016\/679 du Parlement europ\u00e9en et du Conseil du 27 avril 2016 relatif \u00e0 la protection des personnes physiques \u00e0 l&rsquo;\u00e9gard du traitement des donn\u00e9es \u00e0 caract\u00e8re personnel et la [&hellip;]\" \/>\n<meta property=\"og:url\" content=\"https:\/\/northroad.pt\/fr\/politique-de-confidentialite\/\" \/>\n<meta property=\"og:site_name\" content=\"North Road\" \/>\n<meta property=\"article:modified_time\" content=\"2023-04-03T09:55:11+00:00\" \/>\n<meta name=\"twitter:card\" content=\"summary_large_image\" \/>\n<meta name=\"twitter:label1\" content=\"Dur\u00e9e de lecture estim\u00e9e\" \/>\n\t<meta name=\"twitter:data1\" content=\"5 minutes\" \/>\n<script type=\"application\/ld+json\" class=\"yoast-schema-graph\">{\"@context\":\"https:\\\/\\\/schema.org\",\"@graph\":[{\"@type\":\"WebPage\",\"@id\":\"https:\\\/\\\/northroad.pt\\\/fr\\\/politique-de-confidentialite\\\/\",\"url\":\"https:\\\/\\\/northroad.pt\\\/fr\\\/politique-de-confidentialite\\\/\",\"name\":\"Politique de confidentialit\u00e9 - North Road\",\"isPartOf\":{\"@id\":\"http:\\\/\\\/northroad.pt\\\/fr\\\/#website\"},\"datePublished\":\"2022-05-16T17:05:39+00:00\",\"dateModified\":\"2023-04-03T09:55:11+00:00\",\"breadcrumb\":{\"@id\":\"https:\\\/\\\/northroad.pt\\\/fr\\\/politique-de-confidentialite\\\/#breadcrumb\"},\"inLanguage\":\"fr-FR\",\"potentialAction\":[{\"@type\":\"ReadAction\",\"target\":[\"https:\\\/\\\/northroad.pt\\\/fr\\\/politique-de-confidentialite\\\/\"]}]},{\"@type\":\"BreadcrumbList\",\"@id\":\"https:\\\/\\\/northroad.pt\\\/fr\\\/politique-de-confidentialite\\\/#breadcrumb\",\"itemListElement\":[{\"@type\":\"ListItem\",\"position\":1,\"name\":\"In\u00edcio\",\"item\":\"http:\\\/\\\/northroad.pt\\\/fr\\\/\"},{\"@type\":\"ListItem\",\"position\":2,\"name\":\"Politique de confidentialit\u00e9\"}]},{\"@type\":\"WebSite\",\"@id\":\"http:\\\/\\\/northroad.pt\\\/fr\\\/#website\",\"url\":\"http:\\\/\\\/northroad.pt\\\/fr\\\/\",\"name\":\"North Road\",\"description\":\"Aluguer de Motos, Scooters, Bicicletas | Passeios\",\"publisher\":{\"@id\":\"http:\\\/\\\/northroad.pt\\\/fr\\\/#organization\"},\"potentialAction\":[{\"@type\":\"SearchAction\",\"target\":{\"@type\":\"EntryPoint\",\"urlTemplate\":\"http:\\\/\\\/northroad.pt\\\/fr\\\/?s={search_term_string}\"},\"query-input\":{\"@type\":\"PropertyValueSpecification\",\"valueRequired\":true,\"valueName\":\"search_term_string\"}}],\"inLanguage\":\"fr-FR\"},{\"@type\":\"Organization\",\"@id\":\"http:\\\/\\\/northroad.pt\\\/fr\\\/#organization\",\"name\":\"North Road\",\"url\":\"http:\\\/\\\/northroad.pt\\\/fr\\\/\",\"logo\":{\"@type\":\"ImageObject\",\"inLanguage\":\"fr-FR\",\"@id\":\"http:\\\/\\\/northroad.pt\\\/fr\\\/#\\\/schema\\\/logo\\\/image\\\/\",\"url\":\"https:\\\/\\\/northroad.pt\\\/wp-content\\\/uploads\\\/2022\\\/05\\\/northroad-logo.svg\",\"contentUrl\":\"https:\\\/\\\/northroad.pt\\\/wp-content\\\/uploads\\\/2022\\\/05\\\/northroad-logo.svg\",\"caption\":\"North Road\"},\"image\":{\"@id\":\"http:\\\/\\\/northroad.pt\\\/fr\\\/#\\\/schema\\\/logo\\\/image\\\/\"}}]}<\/script>\n<!-- \/ Yoast SEO plugin. -->","yoast_head_json":{"title":"Politique de confidentialit\u00e9 - North Road","robots":{"index":"index","follow":"follow","max-snippet":"max-snippet:-1","max-image-preview":"max-image-preview:large","max-video-preview":"max-video-preview:-1"},"canonical":"https:\/\/northroad.pt\/fr\/politique-de-confidentialite\/","og_locale":"fr_FR","og_type":"article","og_title":"Politique de confidentialit\u00e9 - North Road","og_description":"Votre vie priv\u00e9e est importante pour nous\u00a0: La collecte et le traitement des donn\u00e9es \u00e0 caract\u00e8re personnel ont \u00e9t\u00e9 con\u00e7us pour se conformer au r\u00e8glement (UE) 2016\/679 du Parlement europ\u00e9en et du Conseil du 27 avril 2016 relatif \u00e0 la protection des personnes physiques \u00e0 l&rsquo;\u00e9gard du traitement des donn\u00e9es \u00e0 caract\u00e8re personnel et la [&hellip;]","og_url":"https:\/\/northroad.pt\/fr\/politique-de-confidentialite\/","og_site_name":"North Road","article_modified_time":"2023-04-03T09:55:11+00:00","twitter_card":"summary_large_image","twitter_misc":{"Dur\u00e9e de lecture estim\u00e9e":"5 minutes"},"schema":{"@context":"https:\/\/schema.org","@graph":[{"@type":"WebPage","@id":"https:\/\/northroad.pt\/fr\/politique-de-confidentialite\/","url":"https:\/\/northroad.pt\/fr\/politique-de-confidentialite\/","name":"Politique de confidentialit\u00e9 - North Road","isPartOf":{"@id":"http:\/\/northroad.pt\/fr\/#website"},"datePublished":"2022-05-16T17:05:39+00:00","dateModified":"2023-04-03T09:55:11+00:00","breadcrumb":{"@id":"https:\/\/northroad.pt\/fr\/politique-de-confidentialite\/#breadcrumb"},"inLanguage":"fr-FR","potentialAction":[{"@type":"ReadAction","target":["https:\/\/northroad.pt\/fr\/politique-de-confidentialite\/"]}]},{"@type":"BreadcrumbList","@id":"https:\/\/northroad.pt\/fr\/politique-de-confidentialite\/#breadcrumb","itemListElement":[{"@type":"ListItem","position":1,"name":"In\u00edcio","item":"http:\/\/northroad.pt\/fr\/"},{"@type":"ListItem","position":2,"name":"Politique de confidentialit\u00e9"}]},{"@type":"WebSite","@id":"http:\/\/northroad.pt\/fr\/#website","url":"http:\/\/northroad.pt\/fr\/","name":"North Road","description":"Aluguer de Motos, Scooters, Bicicletas | Passeios","publisher":{"@id":"http:\/\/northroad.pt\/fr\/#organization"},"potentialAction":[{"@type":"SearchAction","target":{"@type":"EntryPoint","urlTemplate":"http:\/\/northroad.pt\/fr\/?s={search_term_string}"},"query-input":{"@type":"PropertyValueSpecification","valueRequired":true,"valueName":"search_term_string"}}],"inLanguage":"fr-FR"},{"@type":"Organization","@id":"http:\/\/northroad.pt\/fr\/#organization","name":"North Road","url":"http:\/\/northroad.pt\/fr\/","logo":{"@type":"ImageObject","inLanguage":"fr-FR","@id":"http:\/\/northroad.pt\/fr\/#\/schema\/logo\/image\/","url":"https:\/\/northroad.pt\/wp-content\/uploads\/2022\/05\/northroad-logo.svg","contentUrl":"https:\/\/northroad.pt\/wp-content\/uploads\/2022\/05\/northroad-logo.svg","caption":"North Road"},"image":{"@id":"http:\/\/northroad.pt\/fr\/#\/schema\/logo\/image\/"}}]}},"_links":{"self":[{"href":"https:\/\/northroad.pt\/fr\/wp-json\/wp\/v2\/pages\/2008","targetHints":{"allow":["GET"]}}],"collection":[{"href":"https:\/\/northroad.pt\/fr\/wp-json\/wp\/v2\/pages"}],"about":[{"href":"https:\/\/northroad.pt\/fr\/wp-json\/wp\/v2\/types\/page"}],"author":[{"embeddable":true,"href":"https:\/\/northroad.pt\/fr\/wp-json\/wp\/v2\/users\/1"}],"replies":[{"embeddable":true,"href":"https:\/\/northroad.pt\/fr\/wp-json\/wp\/v2\/comments?post=2008"}],"version-history":[{"count":1,"href":"https:\/\/northroad.pt\/fr\/wp-json\/wp\/v2\/pages\/2008\/revisions"}],"predecessor-version":[{"id":2009,"href":"https:\/\/northroad.pt\/fr\/wp-json\/wp\/v2\/pages\/2008\/revisions\/2009"}],"wp:attachment":[{"href":"https:\/\/northroad.pt\/fr\/wp-json\/wp\/v2\/media?parent=2008"}],"curies":[{"name":"wp","href":"https:\/\/api.w.org\/{rel}","templated":true}]}}