{"id":2010,"date":"2022-05-17T15:14:15","date_gmt":"2022-05-17T15:14:15","guid":{"rendered":"https:\/\/northroad.pt\/contacts\/"},"modified":"2025-03-18T10:22:14","modified_gmt":"2025-03-18T10:22:14","slug":"contacts","status":"publish","type":"page","link":"https:\/\/northroad.pt\/fr\/contacts\/","title":{"rendered":"Contacts"},"content":{"rendered":"\t\t<div data-elementor-type=\"wp-page\" data-elementor-id=\"2010\" class=\"elementor elementor-2010 elementor-187\" data-elementor-post-type=\"page\">\n\t\t\t\t<div class=\"elementor-element elementor-element-8e7df94 e-con-full e-flex e-con e-parent\" data-id=\"8e7df94\" data-element_type=\"container\" data-e-type=\"container\" data-settings=\"{&quot;position&quot;:&quot;absolute&quot;}\">\n\t\t\t\t<div class=\"elementor-element elementor-element-a3257e8 elementor-widget elementor-widget-text-editor\" data-id=\"a3257e8\" data-element_type=\"widget\" data-e-type=\"widget\" data-widget_type=\"text-editor.default\">\n\t\t\t\t<div class=\"elementor-widget-container\">\n\t\t\t\t\t\t\t\t\t<div class=\"wrapper\">\n<div class=\"marquee\">\n<p>Fale connosco \u00b7 Get in touch \u00b7 \u4fdd\u6301\u8054\u7cfb \u00b7 Ponerse en contacto \u00b7 Neem contact op \u00b7<\/p>\n<p>Fale connosco \u00b7 Get in touch \u00b7 \u4fdd\u6301\u8054\u7cfb \u00b7 Ponerse en contacto \u00b7 Neem contact op \u00b7<\/p>\n<\/div>\n<\/div>\n\t\t\t\t\t\t\t\t<\/div>\n\t\t\t\t<\/div>\n\t\t\t\t<\/div>\n\t\t<div class=\"elementor-element elementor-element-37c4994 e-flex e-con-boxed e-con e-parent\" data-id=\"37c4994\" data-element_type=\"container\" data-e-type=\"container\">\n\t\t\t\t\t<div class=\"e-con-inner\">\n\t\t<div class=\"elementor-element elementor-element-9c74d13 e-flex e-con-boxed e-con e-child\" data-id=\"9c74d13\" data-element_type=\"container\" data-e-type=\"container\">\n\t\t\t\t\t<div class=\"e-con-inner\">\n\t\t\t\t<div class=\"elementor-element elementor-element-ce8fe50 elementor-widget elementor-widget-heading\" data-id=\"ce8fe50\" data-element_type=\"widget\" data-e-type=\"widget\" data-widget_type=\"heading.default\">\n\t\t\t\t<div class=\"elementor-widget-container\">\n\t\t\t\t\t<h3 class=\"elementor-heading-title elementor-size-default\">siege<\/h3>\t\t\t\t<\/div>\n\t\t\t\t<\/div>\n\t\t\t\t<div class=\"elementor-element elementor-element-db463f8 elementor-widget elementor-widget-text-editor\" data-id=\"db463f8\" data-element_type=\"widget\" data-e-type=\"widget\" data-widget_type=\"text-editor.default\">\n\t\t\t\t<div class=\"elementor-widget-container\">\n\t\t\t\t\t\t\t\t\t<p>Rua de Cam\u00f5es, 703<br \/>\n4000-148 Porto<br \/>\nPortugal\u200b<\/p>\n<p><a href=\"mailto:info@northroad.pt\">info@northroad.pt<\/a><\/p>\n\t\t\t\t\t\t\t\t<\/div>\n\t\t\t\t<\/div>\n\t\t\t\t<div class=\"elementor-element elementor-element-af97c77 elementor-widget elementor-widget-heading\" data-id=\"af97c77\" data-element_type=\"widget\" data-e-type=\"widget\" data-widget_type=\"heading.default\">\n\t\t\t\t<div class=\"elementor-widget-container\">\n\t\t\t\t\t<h5 class=\"elementor-heading-title elementor-size-default\">Heure d'\u00e9t\u00e9 (01.03 au 31.10)<\/h5>\t\t\t\t<\/div>\n\t\t\t\t<\/div>\n\t\t\t\t<div class=\"elementor-element elementor-element-f6305f9 elementor-widget elementor-widget-text-editor\" data-id=\"f6305f9\" data-element_type=\"widget\" data-e-type=\"widget\" data-widget_type=\"text-editor.default\">\n\t\t\t\t<div class=\"elementor-widget-container\">\n\t\t\t\t\t\t\t\t\t<p><strong>Lundi \u00e0 Vendredi<\/strong><br \/>Ouverture: 09h00<br \/>Fermeture : 19h00<br \/>Heure du d\u00e9jeuner : 13h00 \u00e0 14h00<\/p><p><strong>Fin de semaine et Jours F\u00e9ri\u00e9s<\/strong><br \/>Ouverture: 09h00<br \/>Fermeture : 19h00<br \/>Heure du d\u00e9jeuner : 13h00 \u00e0 14h00<\/p>\t\t\t\t\t\t\t\t<\/div>\n\t\t\t\t<\/div>\n\t\t\t\t<div class=\"elementor-element elementor-element-7bfa560 elementor-widget elementor-widget-heading\" data-id=\"7bfa560\" data-element_type=\"widget\" data-e-type=\"widget\" data-widget_type=\"heading.default\">\n\t\t\t\t<div class=\"elementor-widget-container\">\n\t\t\t\t\t<h5 class=\"elementor-heading-title elementor-size-default\">Horaire d'hiver (01.11 au 28.02)<\/h5>\t\t\t\t<\/div>\n\t\t\t\t<\/div>\n\t\t\t\t<div class=\"elementor-element elementor-element-51bf087 elementor-widget elementor-widget-text-editor\" data-id=\"51bf087\" data-element_type=\"widget\" data-e-type=\"widget\" data-widget_type=\"text-editor.default\">\n\t\t\t\t<div class=\"elementor-widget-container\">\n\t\t\t\t\t\t\t\t\t<p><strong>Lundi \u00e0 Vendredi<\/strong><br \/>Ouverture : 10h00<br \/>Fermeture : 18h00<br \/>Heure du d\u00e9jeuner : 13h00 \u00e0 14h00<\/p><p><strong>Fin de semaine et Jours F\u00e9ri\u00e9s<\/strong><br \/>Ouverture : 09h00<br \/>Fermeture : 19h00<br \/>Heure du d\u00e9jeuner : 13h00 \u00e0 14h00<\/p>\t\t\t\t\t\t\t\t<\/div>\n\t\t\t\t<\/div>\n\t\t\t\t\t<\/div>\n\t\t\t\t<\/div>\n\t\t<div class=\"elementor-element elementor-element-b5845b2 e-flex e-con-boxed e-con e-child\" data-id=\"b5845b2\" data-element_type=\"container\" data-e-type=\"container\" data-settings=\"{&quot;background_background&quot;:&quot;classic&quot;,&quot;background_motion_fx_motion_fx_scrolling&quot;:&quot;yes&quot;,&quot;background_motion_fx_scale_effect&quot;:&quot;yes&quot;,&quot;background_motion_fx_scale_direction&quot;:&quot;in-out&quot;,&quot;background_motion_fx_scale_speed&quot;:{&quot;unit&quot;:&quot;px&quot;,&quot;size&quot;:4,&quot;sizes&quot;:[]},&quot;background_motion_fx_scale_range&quot;:{&quot;unit&quot;:&quot;%&quot;,&quot;size&quot;:&quot;&quot;,&quot;sizes&quot;:{&quot;start&quot;:20,&quot;end&quot;:80}},&quot;background_motion_fx_devices&quot;:[&quot;desktop&quot;,&quot;tablet&quot;,&quot;mobile&quot;]}\">\n\t\t\t\t\t<div class=\"e-con-inner\">\n\t\t\t\t\t<\/div>\n\t\t\t\t<\/div>\n\t\t\t\t\t<\/div>\n\t\t\t\t<\/div>\n\t\t<div class=\"elementor-element elementor-element-3b41ab3 e-flex e-con-boxed e-con e-parent\" data-id=\"3b41ab3\" data-element_type=\"container\" data-e-type=\"container\" data-settings=\"{&quot;background_background&quot;:&quot;classic&quot;}\">\n\t\t\t\t\t<div class=\"e-con-inner\">\n\t\t<div class=\"elementor-element elementor-element-334f51d e-flex e-con-boxed e-con e-child\" data-id=\"334f51d\" data-element_type=\"container\" data-e-type=\"container\">\n\t\t\t\t\t<div class=\"e-con-inner\">\n\t\t\t\t<div class=\"elementor-element elementor-element-7fddaff elementor-widget elementor-widget-google_maps\" data-id=\"7fddaff\" data-element_type=\"widget\" data-e-type=\"widget\" data-widget_type=\"google_maps.default\">\n\t\t\t\t<div class=\"elementor-widget-container\">\n\t\t\t\t\t\t\t<div class=\"elementor-custom-embed\">\n\t\t\t<iframe loading=\"lazy\"\n\t\t\t\t\tsrc=\"https:\/\/maps.google.com\/maps?q=Northroad%2C%20Rua%20de%20Cam%C3%B5es%2C%20703%2C%20Porto&#038;t=m&#038;z=18&#038;output=embed&#038;iwloc=near\"\n\t\t\t\t\ttitle=\"Northroad, Rua de Cam\u00f5es, 703, Porto\"\n\t\t\t\t\taria-label=\"Northroad, Rua de Cam\u00f5es, 703, Porto\"\n\t\t\t><\/iframe>\n\t\t<\/div>\n\t\t\t\t\t\t<\/div>\n\t\t\t\t<\/div>\n\t\t\t\t\t<\/div>\n\t\t\t\t<\/div>\n\t\t\t\t\t<\/div>\n\t\t\t\t<\/div>\n\t\t\t\t<\/div>\n\t\t","protected":false},"excerpt":{"rendered":"<p>Fale connosco \u00b7 Get in touch \u00b7 \u4fdd\u6301\u8054\u7cfb \u00b7 Ponerse en contacto \u00b7 Neem contact op \u00b7 Fale connosco \u00b7 Get in touch \u00b7 \u4fdd\u6301\u8054\u7cfb \u00b7 Ponerse en contacto \u00b7 Neem contact op \u00b7 siege Rua de Cam\u00f5es, 703 4000-148 Porto Portugal\u200b info@northroad.pt Heure d&rsquo;\u00e9t\u00e9 (01.03 au 31.10) Lundi \u00e0 VendrediOuverture: 09h00Fermeture : 19h00Heure du [&hellip;]<\/p>\n","protected":false},"author":1,"featured_media":0,"parent":0,"menu_order":0,"comment_status":"closed","ping_status":"closed","template":"","meta":{"footnotes":""},"class_list":["post-2010","page","type-page","status-publish","hentry"],"yoast_head":"<!-- This site is optimized with the Yoast SEO plugin v27.4 - https:\/\/yoast.com\/product\/yoast-seo-wordpress\/ -->\n<title>Contacts - North Road<\/title>\n<meta name=\"robots\" content=\"index, follow, max-snippet:-1, max-image-preview:large, max-video-preview:-1\" \/>\n<link rel=\"canonical\" href=\"https:\/\/northroad.pt\/fr\/contacts\/\" \/>\n<meta property=\"og:locale\" content=\"fr_FR\" \/>\n<meta property=\"og:type\" content=\"article\" \/>\n<meta property=\"og:title\" content=\"Contacts - North Road\" \/>\n<meta property=\"og:description\" content=\"Fale connosco \u00b7 Get in touch \u00b7 \u4fdd\u6301\u8054\u7cfb \u00b7 Ponerse en contacto \u00b7 Neem contact op \u00b7 Fale connosco \u00b7 Get in touch \u00b7 \u4fdd\u6301\u8054\u7cfb \u00b7 Ponerse en contacto \u00b7 Neem contact op \u00b7 siege Rua de Cam\u00f5es, 703 4000-148 Porto Portugal\u200b info@northroad.pt Heure d&rsquo;\u00e9t\u00e9 (01.03 au 31.10) Lundi \u00e0 VendrediOuverture: 09h00Fermeture : 19h00Heure du [&hellip;]\" \/>\n<meta property=\"og:url\" content=\"https:\/\/northroad.pt\/fr\/contacts\/\" \/>\n<meta property=\"og:site_name\" content=\"North Road\" \/>\n<meta property=\"article:modified_time\" content=\"2025-03-18T10:22:14+00:00\" \/>\n<meta name=\"twitter:card\" content=\"summary_large_image\" \/>\n<meta name=\"twitter:label1\" content=\"Dur\u00e9e de lecture estim\u00e9e\" \/>\n\t<meta name=\"twitter:data1\" content=\"1 minute\" \/>\n<script type=\"application\/ld+json\" class=\"yoast-schema-graph\">{\"@context\":\"https:\\\/\\\/schema.org\",\"@graph\":[{\"@type\":\"WebPage\",\"@id\":\"https:\\\/\\\/northroad.pt\\\/fr\\\/contacts\\\/\",\"url\":\"https:\\\/\\\/northroad.pt\\\/fr\\\/contacts\\\/\",\"name\":\"Contacts - North Road\",\"isPartOf\":{\"@id\":\"http:\\\/\\\/northroad.pt\\\/fr\\\/#website\"},\"datePublished\":\"2022-05-17T15:14:15+00:00\",\"dateModified\":\"2025-03-18T10:22:14+00:00\",\"breadcrumb\":{\"@id\":\"https:\\\/\\\/northroad.pt\\\/fr\\\/contacts\\\/#breadcrumb\"},\"inLanguage\":\"fr-FR\",\"potentialAction\":[{\"@type\":\"ReadAction\",\"target\":[\"https:\\\/\\\/northroad.pt\\\/fr\\\/contacts\\\/\"]}]},{\"@type\":\"BreadcrumbList\",\"@id\":\"https:\\\/\\\/northroad.pt\\\/fr\\\/contacts\\\/#breadcrumb\",\"itemListElement\":[{\"@type\":\"ListItem\",\"position\":1,\"name\":\"In\u00edcio\",\"item\":\"http:\\\/\\\/northroad.pt\\\/fr\\\/\"},{\"@type\":\"ListItem\",\"position\":2,\"name\":\"Contacts\"}]},{\"@type\":\"WebSite\",\"@id\":\"http:\\\/\\\/northroad.pt\\\/fr\\\/#website\",\"url\":\"http:\\\/\\\/northroad.pt\\\/fr\\\/\",\"name\":\"North Road\",\"description\":\"Aluguer de Motos, Scooters, Bicicletas | Passeios\",\"publisher\":{\"@id\":\"http:\\\/\\\/northroad.pt\\\/fr\\\/#organization\"},\"potentialAction\":[{\"@type\":\"SearchAction\",\"target\":{\"@type\":\"EntryPoint\",\"urlTemplate\":\"http:\\\/\\\/northroad.pt\\\/fr\\\/?s={search_term_string}\"},\"query-input\":{\"@type\":\"PropertyValueSpecification\",\"valueRequired\":true,\"valueName\":\"search_term_string\"}}],\"inLanguage\":\"fr-FR\"},{\"@type\":\"Organization\",\"@id\":\"http:\\\/\\\/northroad.pt\\\/fr\\\/#organization\",\"name\":\"North Road\",\"url\":\"http:\\\/\\\/northroad.pt\\\/fr\\\/\",\"logo\":{\"@type\":\"ImageObject\",\"inLanguage\":\"fr-FR\",\"@id\":\"http:\\\/\\\/northroad.pt\\\/fr\\\/#\\\/schema\\\/logo\\\/image\\\/\",\"url\":\"https:\\\/\\\/northroad.pt\\\/wp-content\\\/uploads\\\/2022\\\/05\\\/northroad-logo.svg\",\"contentUrl\":\"https:\\\/\\\/northroad.pt\\\/wp-content\\\/uploads\\\/2022\\\/05\\\/northroad-logo.svg\",\"caption\":\"North Road\"},\"image\":{\"@id\":\"http:\\\/\\\/northroad.pt\\\/fr\\\/#\\\/schema\\\/logo\\\/image\\\/\"}}]}<\/script>\n<!-- \/ Yoast SEO plugin. -->","yoast_head_json":{"title":"Contacts - North Road","robots":{"index":"index","follow":"follow","max-snippet":"max-snippet:-1","max-image-preview":"max-image-preview:large","max-video-preview":"max-video-preview:-1"},"canonical":"https:\/\/northroad.pt\/fr\/contacts\/","og_locale":"fr_FR","og_type":"article","og_title":"Contacts - North Road","og_description":"Fale connosco \u00b7 Get in touch \u00b7 \u4fdd\u6301\u8054\u7cfb \u00b7 Ponerse en contacto \u00b7 Neem contact op \u00b7 Fale connosco \u00b7 Get in touch \u00b7 \u4fdd\u6301\u8054\u7cfb \u00b7 Ponerse en contacto \u00b7 Neem contact op \u00b7 siege Rua de Cam\u00f5es, 703 4000-148 Porto Portugal\u200b info@northroad.pt Heure d&rsquo;\u00e9t\u00e9 (01.03 au 31.10) Lundi \u00e0 VendrediOuverture: 09h00Fermeture : 19h00Heure du [&hellip;]","og_url":"https:\/\/northroad.pt\/fr\/contacts\/","og_site_name":"North Road","article_modified_time":"2025-03-18T10:22:14+00:00","twitter_card":"summary_large_image","twitter_misc":{"Dur\u00e9e de lecture estim\u00e9e":"1 minute"},"schema":{"@context":"https:\/\/schema.org","@graph":[{"@type":"WebPage","@id":"https:\/\/northroad.pt\/fr\/contacts\/","url":"https:\/\/northroad.pt\/fr\/contacts\/","name":"Contacts - North Road","isPartOf":{"@id":"http:\/\/northroad.pt\/fr\/#website"},"datePublished":"2022-05-17T15:14:15+00:00","dateModified":"2025-03-18T10:22:14+00:00","breadcrumb":{"@id":"https:\/\/northroad.pt\/fr\/contacts\/#breadcrumb"},"inLanguage":"fr-FR","potentialAction":[{"@type":"ReadAction","target":["https:\/\/northroad.pt\/fr\/contacts\/"]}]},{"@type":"BreadcrumbList","@id":"https:\/\/northroad.pt\/fr\/contacts\/#breadcrumb","itemListElement":[{"@type":"ListItem","position":1,"name":"In\u00edcio","item":"http:\/\/northroad.pt\/fr\/"},{"@type":"ListItem","position":2,"name":"Contacts"}]},{"@type":"WebSite","@id":"http:\/\/northroad.pt\/fr\/#website","url":"http:\/\/northroad.pt\/fr\/","name":"North Road","description":"Aluguer de Motos, Scooters, Bicicletas | Passeios","publisher":{"@id":"http:\/\/northroad.pt\/fr\/#organization"},"potentialAction":[{"@type":"SearchAction","target":{"@type":"EntryPoint","urlTemplate":"http:\/\/northroad.pt\/fr\/?s={search_term_string}"},"query-input":{"@type":"PropertyValueSpecification","valueRequired":true,"valueName":"search_term_string"}}],"inLanguage":"fr-FR"},{"@type":"Organization","@id":"http:\/\/northroad.pt\/fr\/#organization","name":"North Road","url":"http:\/\/northroad.pt\/fr\/","logo":{"@type":"ImageObject","inLanguage":"fr-FR","@id":"http:\/\/northroad.pt\/fr\/#\/schema\/logo\/image\/","url":"https:\/\/northroad.pt\/wp-content\/uploads\/2022\/05\/northroad-logo.svg","contentUrl":"https:\/\/northroad.pt\/wp-content\/uploads\/2022\/05\/northroad-logo.svg","caption":"North Road"},"image":{"@id":"http:\/\/northroad.pt\/fr\/#\/schema\/logo\/image\/"}}]}},"_links":{"self":[{"href":"https:\/\/northroad.pt\/fr\/wp-json\/wp\/v2\/pages\/2010","targetHints":{"allow":["GET"]}}],"collection":[{"href":"https:\/\/northroad.pt\/fr\/wp-json\/wp\/v2\/pages"}],"about":[{"href":"https:\/\/northroad.pt\/fr\/wp-json\/wp\/v2\/types\/page"}],"author":[{"embeddable":true,"href":"https:\/\/northroad.pt\/fr\/wp-json\/wp\/v2\/users\/1"}],"replies":[{"embeddable":true,"href":"https:\/\/northroad.pt\/fr\/wp-json\/wp\/v2\/comments?post=2010"}],"version-history":[{"count":19,"href":"https:\/\/northroad.pt\/fr\/wp-json\/wp\/v2\/pages\/2010\/revisions"}],"predecessor-version":[{"id":2963,"href":"https:\/\/northroad.pt\/fr\/wp-json\/wp\/v2\/pages\/2010\/revisions\/2963"}],"wp:attachment":[{"href":"https:\/\/northroad.pt\/fr\/wp-json\/wp\/v2\/media?parent=2010"}],"curies":[{"name":"wp","href":"https:\/\/api.w.org\/{rel}","templated":true}]}}