{"id":2012,"date":"2022-05-17T15:41:15","date_gmt":"2022-05-17T15:41:15","guid":{"rendered":"https:\/\/northroad.pt\/cookies\/"},"modified":"2023-04-03T09:59:48","modified_gmt":"2023-04-03T09:59:48","slug":"cookies","status":"publish","type":"page","link":"https:\/\/northroad.pt\/fr\/cookies\/","title":{"rendered":"Cookies"},"content":{"rendered":"\n<h4 class=\"wp-block-heading\">Que sont les \u00ab cookies \u00bb ?<\/h4>\n\n<p>Les \u00ab\u00a0cookies\u00a0\u00bb sont de petites \u00e9tiquettes logicielles qui sont stock\u00e9es sur votre ordinateur par le biais du navigateur (navigateur), ne conservant que les informations li\u00e9es \u00e0 vos pr\u00e9f\u00e9rences, n&rsquo;incluant pas, \u00e0 ce titre, vos donn\u00e9es personnelles.<\/p>\n\n<h4 class=\"wp-block-heading\">A quoi servent les \u00ab cookies \u00bb ?<\/h4>\n\n<p>Les \u00ab\u00a0cookies\u00a0\u00bb servent \u00e0 aider \u00e0 d\u00e9terminer l&rsquo;utilit\u00e9, l&rsquo;int\u00e9r\u00eat et le nombre d&rsquo;utilisations de leurs sites Web, permettant une navigation plus rapide et plus efficace, \u00e9liminant la n\u00e9cessit\u00e9 de saisir plusieurs fois les m\u00eames informations.<\/p>\n\n<h4 class=\"wp-block-heading\">Quels types de \u00ab cookies \u00bb existe-t-il ?<\/h4>\n\n<p>Il existe deux groupes de \u00ab cookies \u00bb qui peuvent \u00eatre utilis\u00e9s<\/p>\n\n<ul class=\"wp-block-list\">\n<li>\u00ab\u00a0Cookies\u00a0\u00bb permanents &#8211; ce sont des \u00ab\u00a0cookies\u00a0\u00bb qui sont stock\u00e9s au niveau du navigateur sur vos appareils d&rsquo;acc\u00e8s (PC, mobile et tablette) et qui sont utilis\u00e9s chaque fois que vous effectuez une nouvelle visite sur l&rsquo;un de nos sites Web. Ils sont g\u00e9n\u00e9ralement utilis\u00e9s pour orienter la navigation vers les int\u00e9r\u00eats de l&rsquo;utilisateur, nous permettant de fournir un service plus personnalis\u00e9.<\/li>\n\n\n\n<li>\u00ab\u00a0Cookies\u00a0\u00bb de session &#8211; ce sont des \u00ab\u00a0cookies\u00a0\u00bb temporaires qui restent dans le fichier \u00ab\u00a0cookies\u00a0\u00bb de votre navigateur jusqu&rsquo;\u00e0 ce que vous quittiez le site Web. Les informations obtenues par ces \u00ab\u00a0cookies\u00a0\u00bb servent \u00e0 analyser les mod\u00e8les de trafic sur le Web, ce qui nous permet d&rsquo;identifier les probl\u00e8mes et de fournir une meilleure exp\u00e9rience de navigation.<\/li>\n<\/ul>\n\n<h4 class=\"wp-block-heading\">A quelles fins utilisons-nous des \u00ab cookies \u00bb ?<\/h4>\n\n<ul class=\"wp-block-list\">\n<li>\u00ab\u00a0Cookies\u00a0\u00bb strictement n\u00e9cessaires &#8211; Vous permettent de naviguer sur le site Web et d&rsquo;utiliser ses applications, ainsi que d&rsquo;acc\u00e9der \u00e0 des zones s\u00e9curis\u00e9es du site Web. Sans ces \u00ab cookies \u00bb, les services que vous avez demand\u00e9s ne peuvent \u00eatre fournis.<\/li>\n\n\n\n<li>\u00ab\u00a0Cookies\u00a0\u00bb analytiques &#8211; Ils sont utilis\u00e9s de mani\u00e8re anonyme dans le but de cr\u00e9er et d&rsquo;analyser des statistiques, afin d&rsquo;am\u00e9liorer le fonctionnement du site Web.<\/li>\n\n\n\n<li>Fonctionnalit\u00e9 \u00ab\u00a0Cookies\u00a0\u00bb &#8211; Ils enregistrent les pr\u00e9f\u00e9rences de l&rsquo;utilisateur concernant l&rsquo;utilisation du site Web, de sorte qu&rsquo;il n&rsquo;est pas n\u00e9cessaire de reconfigurer le site Web \u00e0 chaque fois que vous le visitez.<\/li>\n\n\n\n<li>\u00ab\u00a0Cookies\u00a0\u00bb tiers &#8211; Mesurer le succ\u00e8s des applications et l&rsquo;efficacit\u00e9 de la publicit\u00e9 tierce. Ils peuvent \u00e9galement \u00eatre utilis\u00e9s pour personnaliser un widget avec des donn\u00e9es utilisateur.<\/li>\n\n\n\n<li>\u00ab\u00a0Cookies\u00a0\u00bb publicitaires &#8211; Ils dirigent la publicit\u00e9 en fonction des int\u00e9r\u00eats de chaque utilisateur, afin d&rsquo;orienter les campagnes publicitaires en tenant compte des go\u00fbts des utilisateurs, et, en plus, limitent le nombre de fois que l&rsquo;annonce est vue, aidant \u00e0 mesurer l&rsquo;efficacit\u00e9 de la publicit\u00e9 et le succ\u00e8s de l&rsquo;organisation du site Web.<\/li>\n<\/ul>\n\n<h4 class=\"wp-block-heading\">Comment g\u00e9rer les \u00ab cookies \u00bb ?<\/h4>\n\n<p>Tous les navigateurs permettent \u00e0 l&rsquo;utilisateur d&rsquo;accepter, de refuser ou de supprimer les \u00ab\u00a0cookies\u00a0\u00bb, notamment en s\u00e9lectionnant les param\u00e8tres appropri\u00e9s dans le navigateur respectif. Vous pouvez param\u00e9trer les \u00ab\u00a0cookies\u00a0\u00bb dans le menu \u00ab\u00a0options\u00a0\u00bb ou \u00ab\u00a0pr\u00e9f\u00e9rences\u00a0\u00bb de votre navigateur.<\/p>\n\n<p>Il convient de noter, cependant, que la d\u00e9sactivation des \u00ab cookies \u00bb peut emp\u00eacher le bon fonctionnement de certains services Web, affectant, partiellement ou totalement, la navigation sur ceux-ci.<\/p>\n","protected":false},"excerpt":{"rendered":"<p>Que sont les \u00ab cookies \u00bb ? Les \u00ab\u00a0cookies\u00a0\u00bb sont de petites \u00e9tiquettes logicielles qui sont stock\u00e9es sur votre ordinateur par le biais du navigateur (navigateur), ne conservant que les informations li\u00e9es \u00e0 vos pr\u00e9f\u00e9rences, n&rsquo;incluant pas, \u00e0 ce titre, vos donn\u00e9es personnelles. A quoi servent les \u00ab cookies \u00bb ? Les \u00ab\u00a0cookies\u00a0\u00bb servent \u00e0 [&hellip;]<\/p>\n","protected":false},"author":1,"featured_media":0,"parent":0,"menu_order":0,"comment_status":"closed","ping_status":"closed","template":"","meta":{"footnotes":""},"class_list":["post-2012","page","type-page","status-publish","hentry"],"yoast_head":"<!-- This site is optimized with the Yoast SEO plugin v27.4 - https:\/\/yoast.com\/product\/yoast-seo-wordpress\/ -->\n<title>Cookies - North Road<\/title>\n<meta name=\"robots\" content=\"index, follow, max-snippet:-1, max-image-preview:large, max-video-preview:-1\" \/>\n<link rel=\"canonical\" href=\"https:\/\/northroad.pt\/fr\/cookies\/\" \/>\n<meta property=\"og:locale\" content=\"fr_FR\" \/>\n<meta property=\"og:type\" content=\"article\" \/>\n<meta property=\"og:title\" content=\"Cookies - North Road\" \/>\n<meta property=\"og:description\" content=\"Que sont les \u00ab cookies \u00bb ? Les \u00ab\u00a0cookies\u00a0\u00bb sont de petites \u00e9tiquettes logicielles qui sont stock\u00e9es sur votre ordinateur par le biais du navigateur (navigateur), ne conservant que les informations li\u00e9es \u00e0 vos pr\u00e9f\u00e9rences, n&rsquo;incluant pas, \u00e0 ce titre, vos donn\u00e9es personnelles. A quoi servent les \u00ab cookies \u00bb ? Les \u00ab\u00a0cookies\u00a0\u00bb servent \u00e0 [&hellip;]\" \/>\n<meta property=\"og:url\" content=\"https:\/\/northroad.pt\/fr\/cookies\/\" \/>\n<meta property=\"og:site_name\" content=\"North Road\" \/>\n<meta property=\"article:modified_time\" content=\"2023-04-03T09:59:48+00:00\" \/>\n<meta name=\"twitter:card\" content=\"summary_large_image\" \/>\n<meta name=\"twitter:label1\" content=\"Dur\u00e9e de lecture estim\u00e9e\" \/>\n\t<meta name=\"twitter:data1\" content=\"3 minutes\" \/>\n<script type=\"application\/ld+json\" class=\"yoast-schema-graph\">{\"@context\":\"https:\\\/\\\/schema.org\",\"@graph\":[{\"@type\":\"WebPage\",\"@id\":\"https:\\\/\\\/northroad.pt\\\/fr\\\/cookies\\\/\",\"url\":\"https:\\\/\\\/northroad.pt\\\/fr\\\/cookies\\\/\",\"name\":\"Cookies - North Road\",\"isPartOf\":{\"@id\":\"http:\\\/\\\/northroad.pt\\\/fr\\\/#website\"},\"datePublished\":\"2022-05-17T15:41:15+00:00\",\"dateModified\":\"2023-04-03T09:59:48+00:00\",\"breadcrumb\":{\"@id\":\"https:\\\/\\\/northroad.pt\\\/fr\\\/cookies\\\/#breadcrumb\"},\"inLanguage\":\"fr-FR\",\"potentialAction\":[{\"@type\":\"ReadAction\",\"target\":[\"https:\\\/\\\/northroad.pt\\\/fr\\\/cookies\\\/\"]}]},{\"@type\":\"BreadcrumbList\",\"@id\":\"https:\\\/\\\/northroad.pt\\\/fr\\\/cookies\\\/#breadcrumb\",\"itemListElement\":[{\"@type\":\"ListItem\",\"position\":1,\"name\":\"In\u00edcio\",\"item\":\"http:\\\/\\\/northroad.pt\\\/fr\\\/\"},{\"@type\":\"ListItem\",\"position\":2,\"name\":\"Cookies\"}]},{\"@type\":\"WebSite\",\"@id\":\"http:\\\/\\\/northroad.pt\\\/fr\\\/#website\",\"url\":\"http:\\\/\\\/northroad.pt\\\/fr\\\/\",\"name\":\"North Road\",\"description\":\"Aluguer de Motos, Scooters, Bicicletas | Passeios\",\"publisher\":{\"@id\":\"http:\\\/\\\/northroad.pt\\\/fr\\\/#organization\"},\"potentialAction\":[{\"@type\":\"SearchAction\",\"target\":{\"@type\":\"EntryPoint\",\"urlTemplate\":\"http:\\\/\\\/northroad.pt\\\/fr\\\/?s={search_term_string}\"},\"query-input\":{\"@type\":\"PropertyValueSpecification\",\"valueRequired\":true,\"valueName\":\"search_term_string\"}}],\"inLanguage\":\"fr-FR\"},{\"@type\":\"Organization\",\"@id\":\"http:\\\/\\\/northroad.pt\\\/fr\\\/#organization\",\"name\":\"North Road\",\"url\":\"http:\\\/\\\/northroad.pt\\\/fr\\\/\",\"logo\":{\"@type\":\"ImageObject\",\"inLanguage\":\"fr-FR\",\"@id\":\"http:\\\/\\\/northroad.pt\\\/fr\\\/#\\\/schema\\\/logo\\\/image\\\/\",\"url\":\"https:\\\/\\\/northroad.pt\\\/wp-content\\\/uploads\\\/2022\\\/05\\\/northroad-logo.svg\",\"contentUrl\":\"https:\\\/\\\/northroad.pt\\\/wp-content\\\/uploads\\\/2022\\\/05\\\/northroad-logo.svg\",\"caption\":\"North Road\"},\"image\":{\"@id\":\"http:\\\/\\\/northroad.pt\\\/fr\\\/#\\\/schema\\\/logo\\\/image\\\/\"}}]}<\/script>\n<!-- \/ Yoast SEO plugin. -->","yoast_head_json":{"title":"Cookies - North Road","robots":{"index":"index","follow":"follow","max-snippet":"max-snippet:-1","max-image-preview":"max-image-preview:large","max-video-preview":"max-video-preview:-1"},"canonical":"https:\/\/northroad.pt\/fr\/cookies\/","og_locale":"fr_FR","og_type":"article","og_title":"Cookies - North Road","og_description":"Que sont les \u00ab cookies \u00bb ? Les \u00ab\u00a0cookies\u00a0\u00bb sont de petites \u00e9tiquettes logicielles qui sont stock\u00e9es sur votre ordinateur par le biais du navigateur (navigateur), ne conservant que les informations li\u00e9es \u00e0 vos pr\u00e9f\u00e9rences, n&rsquo;incluant pas, \u00e0 ce titre, vos donn\u00e9es personnelles. A quoi servent les \u00ab cookies \u00bb ? Les \u00ab\u00a0cookies\u00a0\u00bb servent \u00e0 [&hellip;]","og_url":"https:\/\/northroad.pt\/fr\/cookies\/","og_site_name":"North Road","article_modified_time":"2023-04-03T09:59:48+00:00","twitter_card":"summary_large_image","twitter_misc":{"Dur\u00e9e de lecture estim\u00e9e":"3 minutes"},"schema":{"@context":"https:\/\/schema.org","@graph":[{"@type":"WebPage","@id":"https:\/\/northroad.pt\/fr\/cookies\/","url":"https:\/\/northroad.pt\/fr\/cookies\/","name":"Cookies - North Road","isPartOf":{"@id":"http:\/\/northroad.pt\/fr\/#website"},"datePublished":"2022-05-17T15:41:15+00:00","dateModified":"2023-04-03T09:59:48+00:00","breadcrumb":{"@id":"https:\/\/northroad.pt\/fr\/cookies\/#breadcrumb"},"inLanguage":"fr-FR","potentialAction":[{"@type":"ReadAction","target":["https:\/\/northroad.pt\/fr\/cookies\/"]}]},{"@type":"BreadcrumbList","@id":"https:\/\/northroad.pt\/fr\/cookies\/#breadcrumb","itemListElement":[{"@type":"ListItem","position":1,"name":"In\u00edcio","item":"http:\/\/northroad.pt\/fr\/"},{"@type":"ListItem","position":2,"name":"Cookies"}]},{"@type":"WebSite","@id":"http:\/\/northroad.pt\/fr\/#website","url":"http:\/\/northroad.pt\/fr\/","name":"North Road","description":"Aluguer de Motos, Scooters, Bicicletas | Passeios","publisher":{"@id":"http:\/\/northroad.pt\/fr\/#organization"},"potentialAction":[{"@type":"SearchAction","target":{"@type":"EntryPoint","urlTemplate":"http:\/\/northroad.pt\/fr\/?s={search_term_string}"},"query-input":{"@type":"PropertyValueSpecification","valueRequired":true,"valueName":"search_term_string"}}],"inLanguage":"fr-FR"},{"@type":"Organization","@id":"http:\/\/northroad.pt\/fr\/#organization","name":"North Road","url":"http:\/\/northroad.pt\/fr\/","logo":{"@type":"ImageObject","inLanguage":"fr-FR","@id":"http:\/\/northroad.pt\/fr\/#\/schema\/logo\/image\/","url":"https:\/\/northroad.pt\/wp-content\/uploads\/2022\/05\/northroad-logo.svg","contentUrl":"https:\/\/northroad.pt\/wp-content\/uploads\/2022\/05\/northroad-logo.svg","caption":"North Road"},"image":{"@id":"http:\/\/northroad.pt\/fr\/#\/schema\/logo\/image\/"}}]}},"_links":{"self":[{"href":"https:\/\/northroad.pt\/fr\/wp-json\/wp\/v2\/pages\/2012","targetHints":{"allow":["GET"]}}],"collection":[{"href":"https:\/\/northroad.pt\/fr\/wp-json\/wp\/v2\/pages"}],"about":[{"href":"https:\/\/northroad.pt\/fr\/wp-json\/wp\/v2\/types\/page"}],"author":[{"embeddable":true,"href":"https:\/\/northroad.pt\/fr\/wp-json\/wp\/v2\/users\/1"}],"replies":[{"embeddable":true,"href":"https:\/\/northroad.pt\/fr\/wp-json\/wp\/v2\/comments?post=2012"}],"version-history":[{"count":1,"href":"https:\/\/northroad.pt\/fr\/wp-json\/wp\/v2\/pages\/2012\/revisions"}],"predecessor-version":[{"id":2013,"href":"https:\/\/northroad.pt\/fr\/wp-json\/wp\/v2\/pages\/2012\/revisions\/2013"}],"wp:attachment":[{"href":"https:\/\/northroad.pt\/fr\/wp-json\/wp\/v2\/media?parent=2012"}],"curies":[{"name":"wp","href":"https:\/\/api.w.org\/{rel}","templated":true}]}}