{"id":2014,"date":"2022-05-19T09:36:30","date_gmt":"2022-05-19T09:36:30","guid":{"rendered":"https:\/\/northroad.pt\/faqs\/"},"modified":"2023-04-03T10:04:26","modified_gmt":"2023-04-03T10:04:26","slug":"faqs","status":"publish","type":"page","link":"https:\/\/northroad.pt\/fr\/faqs\/","title":{"rendered":"Faq&rsquo;s"},"content":{"rendered":"\n<h2 class=\"wp-block-heading\">De location<\/h2>\n\n<h4 class=\"wp-block-heading\">Quel est l&rsquo;\u00e2ge minimum pour louer une moto \/ v\u00e9lo?<\/h4>\n\n<p>Pour louer une moto l&rsquo;\u00e2ge minimum est de 21 ans. Pour louer un v\u00e9lo il n&rsquo;y a pas d&rsquo;\u00e2ge minimum.<\/p>\n\n<h4 class=\"wp-block-heading\">Dois-je faire un d\u00e9p\u00f4t?<\/h4>\n\n<p>Oui. Le montant du d\u00e9p\u00f4t d\u00e9pend du mod\u00e8le choisi, et peut \u00eatre effectu\u00e9 par carte de cr\u00e9dit ou en esp\u00e8ces (selon le mod\u00e8le).&#13;\n<\/p>\n\n<h4 class=\"wp-block-heading\">Quels sont les documents requis pour louer une moto \/ v\u00e9lo?<\/h4>\n\n<p>Pour une location de moto, il faut un permis de conduire valide et une pi\u00e8ce d&rsquo;identit\u00e9 (ex: Passeport).&#13;\n&#13;\nPour une location de v\u00e9lo est n\u00e9cessaire votre identification (Ex: Passeport).<\/p>\n\n<h4 class=\"wp-block-heading\">Est-il possible de conduire les motos \u00e0 un autre pays en dehors du Portugal?<\/h4>\n\n<p>Oui. En cas d&rsquo;accord entre Northroad et le client au d\u00e9but de la location.<\/p>\n\n<h4 class=\"wp-block-heading\">Nous organisons un groupe pour partir en vacances en moto ou en v\u00e9lo. Combien pouvons-nous louer?<\/h4>\n\n<p>Cela d\u00e9pend des mod\u00e8les disponibles lorsque vous effectuez la r\u00e9servation. Entrez en contact avec nous avec un peu d&rsquo;avance afin d&rsquo;obtenir le numero requis de motos \/ v\u00e9los.<\/p>\n\n<h4 class=\"wp-block-heading\">Est-il possible de d\u00e9poser la moto \u00e0 un endroit autre que le lieu de prise en charge (location aller simple) ?<\/h4>\n\n<p>Oui, c&rsquo;est possible moyennant le paiement d&rsquo;un suppl\u00e9ment qui varie selon le lieu de d\u00e9p\u00f4t souhait\u00e9.<\/p>\n\n<h4 class=\"wp-block-heading\">Quel \u00e9quipement suppl\u00e9mentaire puis-je louer pour la moto \/ le v\u00e9lo?<\/h4>\n\n<p>Avec les motos vous pouvez louer vestes, gants, imperm\u00e9ables, GPS et casques suppl\u00e9mentaires.&#13;\n&#13;\nAvec les v\u00e9los vous pouvez louer des lumi\u00e8res, des kits de r\u00e9paration, des pompes, des sacs de selle et des imperm\u00e9ables.<\/p>\n\n<h4 class=\"wp-block-heading\">Puis-je faire le pick-up\/ drop-off sur le week-end?<\/h4>\n\n<p>Oui. Nous sommes ouverts tous les jours.<\/p>\n\n<h4 class=\"wp-block-heading\">Que comprend le prix de location?<\/h4>\n\n<p>Cela d\u00e9pend du mod\u00e8le. Veuillez v\u00e9rifier la page du mod\u00e8le choisi.<\/p>\n\n<h4 class=\"wp-block-heading\">Puis-je laisser mes bagages chez NORTHROAD?<\/h4>\n\n<p>Oui, vous pouvez sans aucun co\u00fbt.<\/p>\n\n<h4 class=\"wp-block-heading\">Puis-je effectuer des locations \u00e0 long terme?<\/h4>\n\n<p>Oui, vous pouvez. Veuillez nous demander un devis pour les locations plus longues.<\/p>\n","protected":false},"excerpt":{"rendered":"<p>De location Quel est l&rsquo;\u00e2ge minimum pour louer une moto \/ v\u00e9lo? Pour louer une moto l&rsquo;\u00e2ge minimum est de 21 ans. Pour louer un v\u00e9lo il n&rsquo;y a pas d&rsquo;\u00e2ge minimum. Dois-je faire un d\u00e9p\u00f4t? Oui. Le montant du d\u00e9p\u00f4t d\u00e9pend du mod\u00e8le choisi, et peut \u00eatre effectu\u00e9 par carte de cr\u00e9dit ou en [&hellip;]<\/p>\n","protected":false},"author":1,"featured_media":0,"parent":0,"menu_order":0,"comment_status":"closed","ping_status":"closed","template":"","meta":{"footnotes":""},"class_list":["post-2014","page","type-page","status-publish","hentry"],"yoast_head":"<!-- This site is optimized with the Yoast SEO plugin v27.4 - https:\/\/yoast.com\/product\/yoast-seo-wordpress\/ -->\n<title>Faq&#039;s - North Road<\/title>\n<meta name=\"robots\" content=\"index, follow, max-snippet:-1, max-image-preview:large, max-video-preview:-1\" \/>\n<link rel=\"canonical\" href=\"https:\/\/northroad.pt\/fr\/faqs\/\" \/>\n<meta property=\"og:locale\" content=\"fr_FR\" \/>\n<meta property=\"og:type\" content=\"article\" \/>\n<meta property=\"og:title\" content=\"Faq&#039;s - North Road\" \/>\n<meta property=\"og:description\" content=\"De location Quel est l&rsquo;\u00e2ge minimum pour louer une moto \/ v\u00e9lo? Pour louer une moto l&rsquo;\u00e2ge minimum est de 21 ans. Pour louer un v\u00e9lo il n&rsquo;y a pas d&rsquo;\u00e2ge minimum. Dois-je faire un d\u00e9p\u00f4t? Oui. Le montant du d\u00e9p\u00f4t d\u00e9pend du mod\u00e8le choisi, et peut \u00eatre effectu\u00e9 par carte de cr\u00e9dit ou en [&hellip;]\" \/>\n<meta property=\"og:url\" content=\"https:\/\/northroad.pt\/fr\/faqs\/\" \/>\n<meta property=\"og:site_name\" content=\"North Road\" \/>\n<meta property=\"article:modified_time\" content=\"2023-04-03T10:04:26+00:00\" \/>\n<meta name=\"twitter:card\" content=\"summary_large_image\" \/>\n<meta name=\"twitter:label1\" content=\"Dur\u00e9e de lecture estim\u00e9e\" \/>\n\t<meta name=\"twitter:data1\" content=\"2 minutes\" \/>\n<script type=\"application\/ld+json\" class=\"yoast-schema-graph\">{\"@context\":\"https:\\\/\\\/schema.org\",\"@graph\":[{\"@type\":\"WebPage\",\"@id\":\"https:\\\/\\\/northroad.pt\\\/fr\\\/faqs\\\/\",\"url\":\"https:\\\/\\\/northroad.pt\\\/fr\\\/faqs\\\/\",\"name\":\"Faq's - North Road\",\"isPartOf\":{\"@id\":\"http:\\\/\\\/northroad.pt\\\/fr\\\/#website\"},\"datePublished\":\"2022-05-19T09:36:30+00:00\",\"dateModified\":\"2023-04-03T10:04:26+00:00\",\"breadcrumb\":{\"@id\":\"https:\\\/\\\/northroad.pt\\\/fr\\\/faqs\\\/#breadcrumb\"},\"inLanguage\":\"fr-FR\",\"potentialAction\":[{\"@type\":\"ReadAction\",\"target\":[\"https:\\\/\\\/northroad.pt\\\/fr\\\/faqs\\\/\"]}]},{\"@type\":\"BreadcrumbList\",\"@id\":\"https:\\\/\\\/northroad.pt\\\/fr\\\/faqs\\\/#breadcrumb\",\"itemListElement\":[{\"@type\":\"ListItem\",\"position\":1,\"name\":\"In\u00edcio\",\"item\":\"http:\\\/\\\/northroad.pt\\\/fr\\\/\"},{\"@type\":\"ListItem\",\"position\":2,\"name\":\"Faq&#8217;s\"}]},{\"@type\":\"WebSite\",\"@id\":\"http:\\\/\\\/northroad.pt\\\/fr\\\/#website\",\"url\":\"http:\\\/\\\/northroad.pt\\\/fr\\\/\",\"name\":\"North Road\",\"description\":\"Aluguer de Motos, Scooters, Bicicletas | Passeios\",\"publisher\":{\"@id\":\"http:\\\/\\\/northroad.pt\\\/fr\\\/#organization\"},\"potentialAction\":[{\"@type\":\"SearchAction\",\"target\":{\"@type\":\"EntryPoint\",\"urlTemplate\":\"http:\\\/\\\/northroad.pt\\\/fr\\\/?s={search_term_string}\"},\"query-input\":{\"@type\":\"PropertyValueSpecification\",\"valueRequired\":true,\"valueName\":\"search_term_string\"}}],\"inLanguage\":\"fr-FR\"},{\"@type\":\"Organization\",\"@id\":\"http:\\\/\\\/northroad.pt\\\/fr\\\/#organization\",\"name\":\"North Road\",\"url\":\"http:\\\/\\\/northroad.pt\\\/fr\\\/\",\"logo\":{\"@type\":\"ImageObject\",\"inLanguage\":\"fr-FR\",\"@id\":\"http:\\\/\\\/northroad.pt\\\/fr\\\/#\\\/schema\\\/logo\\\/image\\\/\",\"url\":\"https:\\\/\\\/northroad.pt\\\/wp-content\\\/uploads\\\/2022\\\/05\\\/northroad-logo.svg\",\"contentUrl\":\"https:\\\/\\\/northroad.pt\\\/wp-content\\\/uploads\\\/2022\\\/05\\\/northroad-logo.svg\",\"caption\":\"North Road\"},\"image\":{\"@id\":\"http:\\\/\\\/northroad.pt\\\/fr\\\/#\\\/schema\\\/logo\\\/image\\\/\"}}]}<\/script>\n<!-- \/ Yoast SEO plugin. -->","yoast_head_json":{"title":"Faq's - North Road","robots":{"index":"index","follow":"follow","max-snippet":"max-snippet:-1","max-image-preview":"max-image-preview:large","max-video-preview":"max-video-preview:-1"},"canonical":"https:\/\/northroad.pt\/fr\/faqs\/","og_locale":"fr_FR","og_type":"article","og_title":"Faq's - North Road","og_description":"De location Quel est l&rsquo;\u00e2ge minimum pour louer une moto \/ v\u00e9lo? Pour louer une moto l&rsquo;\u00e2ge minimum est de 21 ans. Pour louer un v\u00e9lo il n&rsquo;y a pas d&rsquo;\u00e2ge minimum. Dois-je faire un d\u00e9p\u00f4t? Oui. Le montant du d\u00e9p\u00f4t d\u00e9pend du mod\u00e8le choisi, et peut \u00eatre effectu\u00e9 par carte de cr\u00e9dit ou en [&hellip;]","og_url":"https:\/\/northroad.pt\/fr\/faqs\/","og_site_name":"North Road","article_modified_time":"2023-04-03T10:04:26+00:00","twitter_card":"summary_large_image","twitter_misc":{"Dur\u00e9e de lecture estim\u00e9e":"2 minutes"},"schema":{"@context":"https:\/\/schema.org","@graph":[{"@type":"WebPage","@id":"https:\/\/northroad.pt\/fr\/faqs\/","url":"https:\/\/northroad.pt\/fr\/faqs\/","name":"Faq's - North Road","isPartOf":{"@id":"http:\/\/northroad.pt\/fr\/#website"},"datePublished":"2022-05-19T09:36:30+00:00","dateModified":"2023-04-03T10:04:26+00:00","breadcrumb":{"@id":"https:\/\/northroad.pt\/fr\/faqs\/#breadcrumb"},"inLanguage":"fr-FR","potentialAction":[{"@type":"ReadAction","target":["https:\/\/northroad.pt\/fr\/faqs\/"]}]},{"@type":"BreadcrumbList","@id":"https:\/\/northroad.pt\/fr\/faqs\/#breadcrumb","itemListElement":[{"@type":"ListItem","position":1,"name":"In\u00edcio","item":"http:\/\/northroad.pt\/fr\/"},{"@type":"ListItem","position":2,"name":"Faq&#8217;s"}]},{"@type":"WebSite","@id":"http:\/\/northroad.pt\/fr\/#website","url":"http:\/\/northroad.pt\/fr\/","name":"North Road","description":"Aluguer de Motos, Scooters, Bicicletas | Passeios","publisher":{"@id":"http:\/\/northroad.pt\/fr\/#organization"},"potentialAction":[{"@type":"SearchAction","target":{"@type":"EntryPoint","urlTemplate":"http:\/\/northroad.pt\/fr\/?s={search_term_string}"},"query-input":{"@type":"PropertyValueSpecification","valueRequired":true,"valueName":"search_term_string"}}],"inLanguage":"fr-FR"},{"@type":"Organization","@id":"http:\/\/northroad.pt\/fr\/#organization","name":"North Road","url":"http:\/\/northroad.pt\/fr\/","logo":{"@type":"ImageObject","inLanguage":"fr-FR","@id":"http:\/\/northroad.pt\/fr\/#\/schema\/logo\/image\/","url":"https:\/\/northroad.pt\/wp-content\/uploads\/2022\/05\/northroad-logo.svg","contentUrl":"https:\/\/northroad.pt\/wp-content\/uploads\/2022\/05\/northroad-logo.svg","caption":"North Road"},"image":{"@id":"http:\/\/northroad.pt\/fr\/#\/schema\/logo\/image\/"}}]}},"_links":{"self":[{"href":"https:\/\/northroad.pt\/fr\/wp-json\/wp\/v2\/pages\/2014","targetHints":{"allow":["GET"]}}],"collection":[{"href":"https:\/\/northroad.pt\/fr\/wp-json\/wp\/v2\/pages"}],"about":[{"href":"https:\/\/northroad.pt\/fr\/wp-json\/wp\/v2\/types\/page"}],"author":[{"embeddable":true,"href":"https:\/\/northroad.pt\/fr\/wp-json\/wp\/v2\/users\/1"}],"replies":[{"embeddable":true,"href":"https:\/\/northroad.pt\/fr\/wp-json\/wp\/v2\/comments?post=2014"}],"version-history":[{"count":1,"href":"https:\/\/northroad.pt\/fr\/wp-json\/wp\/v2\/pages\/2014\/revisions"}],"predecessor-version":[{"id":2015,"href":"https:\/\/northroad.pt\/fr\/wp-json\/wp\/v2\/pages\/2014\/revisions\/2015"}],"wp:attachment":[{"href":"https:\/\/northroad.pt\/fr\/wp-json\/wp\/v2\/media?parent=2014"}],"curies":[{"name":"wp","href":"https:\/\/api.w.org\/{rel}","templated":true}]}}